{"id":4386,"date":"2025-12-03T15:43:55","date_gmt":"2025-12-03T14:43:55","guid":{"rendered":"https:\/\/suedpfalz-therme.de\/boutique\/"},"modified":"2026-03-12T10:52:45","modified_gmt":"2026-03-12T09:52:45","slug":"boutique","status":"publish","type":"page","link":"https:\/\/suedpfalz-therme.de\/fr\/information\/boutique\/","title":{"rendered":"Boutique"},"content":{"rendered":"\t\t<div data-elementor-type=\"wp-page\" data-elementor-id=\"4386\" class=\"elementor elementor-4386 elementor-2869\" data-elementor-post-type=\"page\">\n\t\t\t\t<section class=\"elementor-element elementor-element-1c88e9f modus-slider e-flex e-con-boxed e-con e-parent\" data-id=\"1c88e9f\" data-element_type=\"container\" data-e-type=\"container\" data-settings=\"{&quot;background_background&quot;:&quot;classic&quot;}\">\n\t\t\t\t\t<div class=\"e-con-inner\">\n\t\t\t\t<div class=\"elementor-element elementor-element-bac81f1 h1 elementor-widget elementor-widget-heading\" data-id=\"bac81f1\" data-element_type=\"widget\" data-e-type=\"widget\" data-widget_type=\"heading.default\">\n\t\t\t\t\t<h1 class=\"elementor-heading-title elementor-size-default\">Boutique dans le hall des thermes<\/h1>\t\t\t\t<\/div>\n\t\t\t\t\t<\/div>\n\t\t\t\t<\/section>\n\t\t<div class=\"elementor-element elementor-element-c4cf051 e-flex e-con-boxed e-con e-parent\" data-id=\"c4cf051\" data-element_type=\"container\" data-e-type=\"container\">\n\t\t\t\t\t<div class=\"e-con-inner\">\n\t\t<div class=\"elementor-element elementor-element-2ed6631 e-grid e-con-full e-con e-child\" data-id=\"2ed6631\" data-element_type=\"container\" data-e-type=\"container\">\n\t\t<div class=\"elementor-element elementor-element-1547522 e-con-full e-flex e-con e-child\" data-id=\"1547522\" data-element_type=\"container\" data-e-type=\"container\">\n\t\t\t\t<div class=\"elementor-element elementor-element-c93bb51 elementor-widget elementor-widget-text-editor\" data-id=\"c93bb51\" data-element_type=\"widget\" data-e-type=\"widget\" data-widget_type=\"text-editor.default\">\n\t\t\t\t\t\t\t\t\t<p>Notre boutique situ\u00e9e dans le hall des thermes propose, tout au long de l\u2019ann\u00e9e, des maillots de bain \u00e9l\u00e9gants et sportifs ainsi qu\u2019une s\u00e9lection d\u2019articles d\u00e9di\u00e9s au bien-\u00eatre, \u00e0 la beaut\u00e9 et \u00e0 la sant\u00e9. Des peignoirs douillets aux accessoires de sauna \u00e9l\u00e9gants, pour femmes et hommes \u2013 tout pour une journ\u00e9e de bien-\u00eatre relaxante. <\/p><p><strong>Accessoires assortis :<\/strong> chaussures de bain, bonnets, sacs, lunettes de soleil, magazines et plus encore \u2013 pour que vous ne manquiez de rien lors de votre moment de d\u00e9tente absolue.<\/p><p><strong>Cosm\u00e9tique et soins :<\/strong> des produits cosm\u00e9tiques de haute qualit\u00e9 des marques BABOR et Biomaris compl\u00e8tent notre assortiment \u2013 parfaitement adapt\u00e9s \u00e0 votre peau et \u00e0 votre routine bien-\u00eatre.<\/p>\t\t\t\t\t\t\t\t<\/div>\n\t\t\t\t<\/div>\n\t\t\t\t<div class=\"elementor-element elementor-element-edec4d3 elementor-widget elementor-widget-image\" data-id=\"edec4d3\" data-element_type=\"widget\" data-e-type=\"widget\" data-widget_type=\"image.default\">\n\t\t\t\t\t\t\t\t\t\t\t\t\t\t\t<img fetchpriority=\"high\" decoding=\"async\" width=\"1500\" height=\"1779\" src=\"https:\/\/suedpfalz-therme.de\/wp-content\/uploads\/2026\/01\/Boutique.webp\" class=\"elementor-animation-grow attachment-full size-full wp-image-4389\" alt=\"Boutique\" srcset=\"https:\/\/suedpfalz-therme.de\/wp-content\/uploads\/2026\/01\/Boutique.webp 1500w, https:\/\/suedpfalz-therme.de\/wp-content\/uploads\/2026\/01\/Boutique-253x300.webp 253w, https:\/\/suedpfalz-therme.de\/wp-content\/uploads\/2026\/01\/Boutique-863x1024.webp 863w, https:\/\/suedpfalz-therme.de\/wp-content\/uploads\/2026\/01\/Boutique-768x911.webp 768w, https:\/\/suedpfalz-therme.de\/wp-content\/uploads\/2026\/01\/Boutique-1295x1536.webp 1295w\" sizes=\"(max-width: 1500px) 100vw, 1500px\" \/>\t\t\t\t\t\t\t\t\t\t\t\t\t\t\t<\/div>\n\t\t\t\t<\/div>\n\t\t<div class=\"elementor-element elementor-element-b339067 e-grid e-con-full e-con e-child\" data-id=\"b339067\" data-element_type=\"container\" data-e-type=\"container\">\n\t\t\t\t<div class=\"elementor-element elementor-element-ff8746b elementor-position-top elementor-widget elementor-widget-image-box\" data-id=\"ff8746b\" data-element_type=\"widget\" data-e-type=\"widget\" data-widget_type=\"image-box.default\">\n\t\t\t\t\t<div class=\"elementor-image-box-wrapper\"><figure class=\"elementor-image-box-img\"><img decoding=\"async\" width=\"200\" height=\"86\" src=\"https:\/\/suedpfalz-therme.de\/wp-content\/uploads\/2026\/01\/Babor-Logo.webp\" class=\"attachment-full size-full wp-image-4387\" alt=\"Babor \u2013 Soins de la peau professionnels Made in Germany\" \/><\/figure><div class=\"elementor-image-box-content\"><h2 class=\"elementor-image-box-title\">Soins de la peau professionnels Made in Germany<\/h2><p class=\"elementor-image-box-description\">Cosm\u00e9tique de luxe \u00e0 base d\u2019actifs aux r\u00e9sultats visibles.<\/p><\/div><\/div>\t\t\t\t<\/div>\n\t\t\t\t<div class=\"elementor-element elementor-element-f6638c4 elementor-position-top elementor-widget elementor-widget-image-box\" data-id=\"f6638c4\" data-element_type=\"widget\" data-e-type=\"widget\" data-widget_type=\"image-box.default\">\n\t\t\t\t\t<div class=\"elementor-image-box-wrapper\"><figure class=\"elementor-image-box-img\"><img decoding=\"async\" width=\"248\" height=\"80\" src=\"https:\/\/suedpfalz-therme.de\/wp-content\/uploads\/2026\/01\/Biomaris-Logo.webp\" class=\"attachment-full size-full wp-image-4388\" alt=\"\" \/><\/figure><div class=\"elementor-image-box-content\"><h2 class=\"elementor-image-box-title\">La beaut\u00e9 venue de la mer<\/h2><p class=\"elementor-image-box-description\">Soins riches en min\u00e9raux \u00e0 base de sel marin pour une peau saine et \u00e9quilibr\u00e9e.<\/p><\/div><\/div>\t\t\t\t<\/div>\n\t\t\t\t<\/div>\n\t\t<div class=\"elementor-element elementor-element-69b991e e-flex e-con-boxed e-con e-child\" data-id=\"69b991e\" data-element_type=\"container\" data-e-type=\"container\">\n\t\t\t\t\t<div class=\"e-con-inner\">\n\t\t\t\t<div class=\"elementor-element elementor-element-343dac9 elementor-pagination-type-bullets elementor-pagination-position-outside elementor-widget elementor-widget-n-carousel\" data-id=\"343dac9\" data-element_type=\"widget\" data-e-type=\"widget\" data-settings=\"{&quot;carousel_items&quot;:[{&quot;slide_title&quot;:&quot;Slide 1&quot;,&quot;_id&quot;:&quot;31a5203&quot;},{&quot;slide_title&quot;:&quot;Slide 1&quot;,&quot;_id&quot;:&quot;5d7b9f1&quot;},{&quot;slide_title&quot;:&quot;Slide 1&quot;,&quot;_id&quot;:&quot;82843ce&quot;},{&quot;slide_title&quot;:&quot;Slide 1&quot;,&quot;_id&quot;:&quot;7953b60&quot;},{&quot;slide_title&quot;:&quot;Slide 1&quot;,&quot;_id&quot;:&quot;cda5c6c&quot;},{&quot;slide_title&quot;:&quot;Slide 1&quot;,&quot;_id&quot;:&quot;7ec7b55&quot;},{&quot;slide_title&quot;:&quot;Slide 1&quot;,&quot;_id&quot;:&quot;31dd3d9&quot;},{&quot;slide_title&quot;:&quot;Slide 1&quot;,&quot;_id&quot;:&quot;50c990f&quot;},{&quot;slide_title&quot;:&quot;Slide 1&quot;,&quot;_id&quot;:&quot;83e2dec&quot;},{&quot;slide_title&quot;:&quot;Slide 1&quot;,&quot;_id&quot;:&quot;737e28b&quot;}],&quot;slides_to_show&quot;:&quot;3&quot;,&quot;slides_to_show_tablet_extra&quot;:&quot;3&quot;,&quot;slides_to_show_mobile&quot;:&quot;2&quot;,&quot;image_spacing_custom&quot;:{&quot;unit&quot;:&quot;px&quot;,&quot;size&quot;:40,&quot;sizes&quot;:[]},&quot;slides_to_show_tablet&quot;:&quot;2&quot;,&quot;autoplay&quot;:&quot;yes&quot;,&quot;autoplay_speed&quot;:5000,&quot;pause_on_hover&quot;:&quot;yes&quot;,&quot;pause_on_interaction&quot;:&quot;yes&quot;,&quot;infinite&quot;:&quot;yes&quot;,&quot;speed&quot;:500,&quot;offset_sides&quot;:&quot;none&quot;,&quot;pagination&quot;:&quot;bullets&quot;,&quot;image_spacing_custom_tablet_extra&quot;:{&quot;unit&quot;:&quot;px&quot;,&quot;size&quot;:&quot;&quot;,&quot;sizes&quot;:[]},&quot;image_spacing_custom_tablet&quot;:{&quot;unit&quot;:&quot;px&quot;,&quot;size&quot;:&quot;&quot;,&quot;sizes&quot;:[]},&quot;image_spacing_custom_mobile&quot;:{&quot;unit&quot;:&quot;px&quot;,&quot;size&quot;:&quot;&quot;,&quot;sizes&quot;:[]}}\" data-widget_type=\"nested-carousel.default\">\n\t\t\t\t\t\t\t<div class=\"e-n-carousel swiper\" role=\"region\" aria-roledescription=\"carousel\" aria-label=\"Karussell\" dir=\"ltr\">\n\t\t\t<div class=\"swiper-wrapper\" aria-live=\"off\">\n\t\t\t\t\t\t\t\t\t\t<div class=\"swiper-slide\" data-slide=\"1\" role=\"group\" aria-roledescription=\"slide\" aria-label=\"1 sur 10\">\n\t\t\t\t\t\t\t<div class=\"elementor-element elementor-element-8cbbb37 e-flex e-con-boxed e-con e-child\" data-id=\"8cbbb37\" data-element_type=\"container\" data-e-type=\"container\">\n\t\t\t\t\t<div class=\"e-con-inner\">\n\t\t\t\t<div class=\"elementor-element elementor-element-460b5d3 elementor-widget elementor-widget-image\" data-id=\"460b5d3\" data-element_type=\"widget\" data-e-type=\"widget\" data-widget_type=\"image.default\">\n\t\t\t\t\t\t\t\t\t\t\t\t\t\t\t<img loading=\"lazy\" decoding=\"async\" width=\"239\" height=\"43\" src=\"https:\/\/suedpfalz-therme.de\/wp-content\/uploads\/2026\/01\/Logo-beco.webp\" class=\"attachment-full size-full wp-image-4390\" alt=\"beco\" \/>\t\t\t\t\t\t\t\t\t\t\t\t\t\t\t<\/div>\n\t\t\t\t\t<\/div>\n\t\t\t\t<\/div>\n\t\t\t\t\t\t\t\t<\/div>\n\t\t\t\t\t\t\t\t\t\t\t<div class=\"swiper-slide\" data-slide=\"2\" role=\"group\" aria-roledescription=\"slide\" aria-label=\"2 sur 10\">\n\t\t\t\t\t\t\t<div class=\"elementor-element elementor-element-9f37b78 e-flex e-con-boxed e-con e-child\" data-id=\"9f37b78\" data-element_type=\"container\" data-e-type=\"container\">\n\t\t\t\t\t<div class=\"e-con-inner\">\n\t\t\t\t<div class=\"elementor-element elementor-element-0e7769d elementor-widget elementor-widget-image\" data-id=\"0e7769d\" data-element_type=\"widget\" data-e-type=\"widget\" data-widget_type=\"image.default\">\n\t\t\t\t\t\t\t\t\t\t\t\t\t\t\t<img loading=\"lazy\" decoding=\"async\" width=\"237\" height=\"128\" src=\"https:\/\/suedpfalz-therme.de\/wp-content\/uploads\/2026\/01\/Logo-Fashy.webp\" class=\"attachment-full size-full wp-image-4391\" alt=\"Fashy\" \/>\t\t\t\t\t\t\t\t\t\t\t\t\t\t\t<\/div>\n\t\t\t\t\t<\/div>\n\t\t\t\t<\/div>\n\t\t\t\t\t\t\t\t<\/div>\n\t\t\t\t\t\t\t\t\t\t\t<div class=\"swiper-slide\" data-slide=\"3\" role=\"group\" aria-roledescription=\"slide\" aria-label=\"3 sur 10\">\n\t\t\t\t\t\t\t<div class=\"elementor-element elementor-element-e653d9d e-flex e-con-boxed e-con e-child\" data-id=\"e653d9d\" data-element_type=\"container\" data-e-type=\"container\">\n\t\t\t\t\t<div class=\"e-con-inner\">\n\t\t\t\t<div class=\"elementor-element elementor-element-8cd5cd6 elementor-widget elementor-widget-image\" data-id=\"8cd5cd6\" data-element_type=\"widget\" data-e-type=\"widget\" data-widget_type=\"image.default\">\n\t\t\t\t\t\t\t\t\t\t\t\t\t\t\t<img loading=\"lazy\" decoding=\"async\" width=\"1484\" height=\"716\" src=\"https:\/\/suedpfalz-therme.de\/wp-content\/uploads\/2026\/01\/Logo-nazar.webp\" class=\"attachment-full size-full wp-image-4392\" alt=\"nazar\" srcset=\"https:\/\/suedpfalz-therme.de\/wp-content\/uploads\/2026\/01\/Logo-nazar.webp 1484w, https:\/\/suedpfalz-therme.de\/wp-content\/uploads\/2026\/01\/Logo-nazar-300x145.webp 300w, https:\/\/suedpfalz-therme.de\/wp-content\/uploads\/2026\/01\/Logo-nazar-1024x494.webp 1024w, https:\/\/suedpfalz-therme.de\/wp-content\/uploads\/2026\/01\/Logo-nazar-768x371.webp 768w\" sizes=\"(max-width: 1484px) 100vw, 1484px\" \/>\t\t\t\t\t\t\t\t\t\t\t\t\t\t\t<\/div>\n\t\t\t\t\t<\/div>\n\t\t\t\t<\/div>\n\t\t\t\t\t\t\t\t<\/div>\n\t\t\t\t\t\t\t\t\t\t\t<div class=\"swiper-slide\" data-slide=\"4\" role=\"group\" aria-roledescription=\"slide\" aria-label=\"4 sur 10\">\n\t\t\t\t\t\t\t<div class=\"elementor-element elementor-element-116e672 e-flex e-con-boxed e-con e-child\" data-id=\"116e672\" data-element_type=\"container\" data-e-type=\"container\">\n\t\t\t\t\t<div class=\"e-con-inner\">\n\t\t\t\t<div class=\"elementor-element elementor-element-7ec8cff elementor-widget elementor-widget-image\" data-id=\"7ec8cff\" data-element_type=\"widget\" data-e-type=\"widget\" data-widget_type=\"image.default\">\n\t\t\t\t\t\t\t\t\t\t\t\t\t\t\t<img loading=\"lazy\" decoding=\"async\" width=\"231\" height=\"65\" src=\"https:\/\/suedpfalz-therme.de\/wp-content\/uploads\/2026\/01\/Logo-ottowerner.webp\" class=\"attachment-full size-full wp-image-4393\" alt=\"ottowerner\" \/>\t\t\t\t\t\t\t\t\t\t\t\t\t\t\t<\/div>\n\t\t\t\t\t<\/div>\n\t\t\t\t<\/div>\n\t\t\t\t\t\t\t\t<\/div>\n\t\t\t\t\t\t\t\t\t\t\t<div class=\"swiper-slide\" data-slide=\"5\" role=\"group\" aria-roledescription=\"slide\" aria-label=\"5 sur 10\">\n\t\t\t\t\t\t\t<div class=\"elementor-element elementor-element-a6bf098 e-flex e-con-boxed e-con e-child\" data-id=\"a6bf098\" data-element_type=\"container\" data-e-type=\"container\">\n\t\t\t\t\t<div class=\"e-con-inner\">\n\t\t\t\t<div class=\"elementor-element elementor-element-8f83e45 elementor-widget elementor-widget-image\" data-id=\"8f83e45\" data-element_type=\"widget\" data-e-type=\"widget\" data-widget_type=\"image.default\">\n\t\t\t\t\t\t\t\t\t\t\t\t\t\t\t<img loading=\"lazy\" decoding=\"async\" width=\"300\" height=\"158\" src=\"https:\/\/suedpfalz-therme.de\/wp-content\/uploads\/2026\/01\/Logo-Palavin.webp\" class=\"attachment-full size-full wp-image-4394\" alt=\"Palavin\" \/>\t\t\t\t\t\t\t\t\t\t\t\t\t\t\t<\/div>\n\t\t\t\t\t<\/div>\n\t\t\t\t<\/div>\n\t\t\t\t\t\t\t\t<\/div>\n\t\t\t\t\t\t\t\t\t\t\t<div class=\"swiper-slide\" data-slide=\"6\" role=\"group\" aria-roledescription=\"slide\" aria-label=\"6 sur 10\">\n\t\t\t\t\t\t\t<div class=\"elementor-element elementor-element-b4d2f7a e-flex e-con-boxed e-con e-child\" data-id=\"b4d2f7a\" data-element_type=\"container\" data-e-type=\"container\">\n\t\t\t\t\t<div class=\"e-con-inner\">\n\t\t\t\t<div class=\"elementor-element elementor-element-8a5b4c4 elementor-widget elementor-widget-image\" data-id=\"8a5b4c4\" data-element_type=\"widget\" data-e-type=\"widget\" data-widget_type=\"image.default\">\n\t\t\t\t\t\t\t\t\t\t\t\t\t\t\t<img loading=\"lazy\" decoding=\"async\" width=\"712\" height=\"215\" src=\"https:\/\/suedpfalz-therme.de\/wp-content\/uploads\/2026\/01\/Logo-Rider.webp\" class=\"attachment-full size-full wp-image-4395\" alt=\"Rider\" srcset=\"https:\/\/suedpfalz-therme.de\/wp-content\/uploads\/2026\/01\/Logo-Rider.webp 712w, https:\/\/suedpfalz-therme.de\/wp-content\/uploads\/2026\/01\/Logo-Rider-300x91.webp 300w\" sizes=\"(max-width: 712px) 100vw, 712px\" \/>\t\t\t\t\t\t\t\t\t\t\t\t\t\t\t<\/div>\n\t\t\t\t\t<\/div>\n\t\t\t\t<\/div>\n\t\t\t\t\t\t\t\t<\/div>\n\t\t\t\t\t\t\t\t\t\t\t<div class=\"swiper-slide\" data-slide=\"7\" role=\"group\" aria-roledescription=\"slide\" aria-label=\"7 sur 10\">\n\t\t\t\t\t\t\t<div class=\"elementor-element elementor-element-c4e8a82 e-flex e-con-boxed e-con e-child\" data-id=\"c4e8a82\" data-element_type=\"container\" data-e-type=\"container\">\n\t\t\t\t\t<div class=\"e-con-inner\">\n\t\t\t\t<div class=\"elementor-element elementor-element-2c5a081 elementor-widget elementor-widget-image\" data-id=\"2c5a081\" data-element_type=\"widget\" data-e-type=\"widget\" data-widget_type=\"image.default\">\n\t\t\t\t\t\t\t\t\t\t\t\t\t\t\t<img loading=\"lazy\" decoding=\"async\" width=\"248\" height=\"91\" src=\"https:\/\/suedpfalz-therme.de\/wp-content\/uploads\/2026\/01\/Logo-aquafeel.webp\" class=\"attachment-full size-full wp-image-4396\" alt=\"aquafeel\" \/>\t\t\t\t\t\t\t\t\t\t\t\t\t\t\t<\/div>\n\t\t\t\t\t<\/div>\n\t\t\t\t<\/div>\n\t\t\t\t\t\t\t\t<\/div>\n\t\t\t\t\t\t\t\t\t\t\t<div class=\"swiper-slide\" data-slide=\"8\" role=\"group\" aria-roledescription=\"slide\" aria-label=\"8 sur 10\">\n\t\t\t\t\t\t\t<div class=\"elementor-element elementor-element-fe7f152 e-flex e-con-boxed e-con e-child\" data-id=\"fe7f152\" data-element_type=\"container\" data-e-type=\"container\">\n\t\t\t\t\t<div class=\"e-con-inner\">\n\t\t\t\t<div class=\"elementor-element elementor-element-440a892 elementor-widget elementor-widget-image\" data-id=\"440a892\" data-element_type=\"widget\" data-e-type=\"widget\" data-widget_type=\"image.default\">\n\t\t\t\t\t\t\t\t\t\t\t\t\t\t\t<img loading=\"lazy\" decoding=\"async\" width=\"239\" height=\"47\" src=\"https:\/\/suedpfalz-therme.de\/wp-content\/uploads\/2026\/01\/Logo-speedo.webp\" class=\"attachment-full size-full wp-image-4397\" alt=\"speedo\" \/>\t\t\t\t\t\t\t\t\t\t\t\t\t\t\t<\/div>\n\t\t\t\t\t<\/div>\n\t\t\t\t<\/div>\n\t\t\t\t\t\t\t\t<\/div>\n\t\t\t\t\t\t\t\t\t\t\t<div class=\"swiper-slide\" data-slide=\"9\" role=\"group\" aria-roledescription=\"slide\" aria-label=\"9 sur 10\">\n\t\t\t\t\t\t\t<div class=\"elementor-element elementor-element-5b2cb5e e-flex e-con-boxed e-con e-child\" data-id=\"5b2cb5e\" data-element_type=\"container\" data-e-type=\"container\">\n\t\t\t\t\t<div class=\"e-con-inner\">\n\t\t\t\t<div class=\"elementor-element elementor-element-53cba87 elementor-widget elementor-widget-image\" data-id=\"53cba87\" data-element_type=\"widget\" data-e-type=\"widget\" data-widget_type=\"image.default\">\n\t\t\t\t\t\t\t\t\t\t\t\t\t\t\t<img loading=\"lazy\" decoding=\"async\" width=\"248\" height=\"38\" src=\"https:\/\/suedpfalz-therme.de\/wp-content\/uploads\/2026\/01\/Logo-sunflair.webp\" class=\"attachment-full size-full wp-image-4398\" alt=\"sunflair\" \/>\t\t\t\t\t\t\t\t\t\t\t\t\t\t\t<\/div>\n\t\t\t\t\t<\/div>\n\t\t\t\t<\/div>\n\t\t\t\t\t\t\t\t<\/div>\n\t\t\t\t\t\t\t\t\t\t\t<div class=\"swiper-slide\" data-slide=\"10\" role=\"group\" aria-roledescription=\"slide\" aria-label=\"10 sur 10\">\n\t\t\t\t\t\t\t<div class=\"elementor-element elementor-element-a989f76 e-flex e-con-boxed e-con e-child\" data-id=\"a989f76\" data-element_type=\"container\" data-e-type=\"container\">\n\t\t\t\t\t<div class=\"e-con-inner\">\n\t\t\t\t<div class=\"elementor-element elementor-element-a44a102 elementor-widget elementor-widget-image\" data-id=\"a44a102\" data-element_type=\"widget\" data-e-type=\"widget\" data-widget_type=\"image.default\">\n\t\t\t\t\t\t\t\t\t\t\t\t\t\t\t<img loading=\"lazy\" decoding=\"async\" width=\"248\" height=\"68\" src=\"https:\/\/suedpfalz-therme.de\/wp-content\/uploads\/2026\/01\/Logo-westbay.webp\" class=\"attachment-full size-full wp-image-4399\" alt=\"westbay\" \/>\t\t\t\t\t\t\t\t\t\t\t\t\t\t\t<\/div>\n\t\t\t\t\t<\/div>\n\t\t\t\t<\/div>\n\t\t\t\t\t\t\t\t<\/div>\n\t\t\t\t\t\t\t\t<\/div>\n\t\t<\/div>\n\t\t\t\t\t<div class=\"swiper-pagination\"><\/div>\n\t\t\t\t\t\t<\/div>\n\t\t\t\t\t<\/div>\n\t\t\t\t<\/div>\n\t\t\t\t\t<\/div>\n\t\t\t\t<\/div>\n\t\t\t\t<\/div>\n\t\t","protected":false},"excerpt":{"rendered":"<p>Boutique dans le hall des thermes Notre boutique situ\u00e9e dans le hall des thermes propose, tout au long de l\u2019ann\u00e9e, des maillots de bain \u00e9l\u00e9gants et sportifs ainsi qu\u2019une s\u00e9lection d\u2019articles d\u00e9di\u00e9s au bien-\u00eatre, \u00e0 la beaut\u00e9 et \u00e0 la sant\u00e9. Des peignoirs douillets aux accessoires de sauna \u00e9l\u00e9gants, pour femmes et hommes \u2013 tout&hellip;<\/p>\n","protected":false},"author":1,"featured_media":0,"parent":4471,"menu_order":50,"comment_status":"closed","ping_status":"closed","template":"modus.php","meta":{"inline_featured_image":false,"footnotes":""},"class_list":["post-4386","page","type-page","status-publish","hentry"],"publishpress_future_action":{"enabled":false,"date":"2026-05-04 17:05:40","action":"change-status","newStatus":"draft","terms":[],"taxonomy":"translation_priority","extraData":[]},"publishpress_future_workflow_manual_trigger":{"enabledWorkflows":[]},"_links":{"self":[{"href":"https:\/\/suedpfalz-therme.de\/fr\/wp-json\/wp\/v2\/pages\/4386","targetHints":{"allow":["GET"]}}],"collection":[{"href":"https:\/\/suedpfalz-therme.de\/fr\/wp-json\/wp\/v2\/pages"}],"about":[{"href":"https:\/\/suedpfalz-therme.de\/fr\/wp-json\/wp\/v2\/types\/page"}],"author":[{"embeddable":true,"href":"https:\/\/suedpfalz-therme.de\/fr\/wp-json\/wp\/v2\/users\/1"}],"replies":[{"embeddable":true,"href":"https:\/\/suedpfalz-therme.de\/fr\/wp-json\/wp\/v2\/comments?post=4386"}],"version-history":[{"count":2,"href":"https:\/\/suedpfalz-therme.de\/fr\/wp-json\/wp\/v2\/pages\/4386\/revisions"}],"predecessor-version":[{"id":5225,"href":"https:\/\/suedpfalz-therme.de\/fr\/wp-json\/wp\/v2\/pages\/4386\/revisions\/5225"}],"up":[{"embeddable":true,"href":"https:\/\/suedpfalz-therme.de\/fr\/wp-json\/wp\/v2\/pages\/4471"}],"wp:attachment":[{"href":"https:\/\/suedpfalz-therme.de\/fr\/wp-json\/wp\/v2\/media?parent=4386"}],"curies":[{"name":"wp","href":"https:\/\/api.w.org\/{rel}","templated":true}]}}