{"id":4581,"date":"2025-12-03T15:21:27","date_gmt":"2025-12-03T14:21:27","guid":{"rendered":"https:\/\/suedpfalz-therme.de\/gastronomie\/"},"modified":"2026-03-12T10:51:39","modified_gmt":"2026-03-12T09:51:39","slug":"gastronomie","status":"publish","type":"page","link":"https:\/\/suedpfalz-therme.de\/fr\/gastronomie\/","title":{"rendered":"Restauration"},"content":{"rendered":"\t\t<div data-elementor-type=\"wp-page\" data-elementor-id=\"4581\" class=\"elementor elementor-4581 elementor-2843\" data-elementor-post-type=\"page\">\n\t\t\t\t<section class=\"elementor-element elementor-element-7c93d0b modus-slider e-flex e-con-boxed e-con e-parent\" data-id=\"7c93d0b\" data-element_type=\"container\" data-e-type=\"container\" data-settings=\"{&quot;background_background&quot;:&quot;classic&quot;}\">\n\t\t\t\t\t<div class=\"e-con-inner\">\n\t\t\t\t<div class=\"elementor-element elementor-element-8a0f543 h1 elementor-widget elementor-widget-heading\" data-id=\"8a0f543\" data-element_type=\"widget\" data-e-type=\"widget\" data-widget_type=\"heading.default\">\n\t\t\t\t\t<h1 class=\"elementor-heading-title elementor-size-default\">Restauration<\/h1>\t\t\t\t<\/div>\n\t\t\t\t<div class=\"elementor-element elementor-element-201dd2b h2 elementor-widget elementor-widget-heading\" data-id=\"201dd2b\" data-element_type=\"widget\" data-e-type=\"widget\" data-widget_type=\"heading.default\">\n\t\t\t\t\t<h2 class=\"elementor-heading-title elementor-size-default\">R\u00e9gional. Frais. Savoureux.  <\/h2>\t\t\t\t<\/div>\n\t\t\t\t\t<\/div>\n\t\t\t\t<\/section>\n\t\t<div class=\"elementor-element elementor-element-0d94298 e-grid e-con-boxed e-con e-parent\" data-id=\"0d94298\" data-element_type=\"container\" data-e-type=\"container\">\n\t\t\t\t\t<div class=\"e-con-inner\">\n\t\t<div class=\"elementor-element elementor-element-7b2ea31 e-con-full e-flex e-con e-child\" data-id=\"7b2ea31\" data-element_type=\"container\" data-e-type=\"container\">\n\t\t\t\t<div class=\"elementor-element elementor-element-b4afd1f elementor-widget elementor-widget-text-editor\" data-id=\"b4afd1f\" data-element_type=\"widget\" data-e-type=\"widget\" data-widget_type=\"text-editor.default\">\n\t\t\t\t\t\t\t\t\t<p>D\u00e9tente et plaisir vont de pair. Que ce soit au restaurant thermal, au restaurant du sauna ou sur notre terrasse ensoleill\u00e9e avec vue sur le jardin thermal \u2013 laissez-vous s\u00e9duire par <strong>des sp\u00e9cialit\u00e9s r\u00e9gionales, des plats m\u00e9diterran\u00e9ens et de douces tentations<\/strong>. <\/p><p>Frais, vari\u00e9s et pr\u00e9par\u00e9s avec soin : nos plats conviennent \u00e0 tous les go\u00fbts \u2013 v\u00e9g\u00e9tariens, fitness ou copieux. Les amateurs de douceurs seront combl\u00e9s par nos <strong>sp\u00e9cialit\u00e9s de caf\u00e9, g\u00e2teaux et glaces<\/strong>. Parfait apr\u00e8s une journ\u00e9e relaxante aux thermes ou au sauna, ou simplement pour une escapade gourmande au vert &#8211; dans notre <strong>brasserie<\/strong> et sur la terrasse du parc thermal, tous les visiteurs ext\u00e9rieurs sont \u00e9galement les bienvenus.  <\/p>\t\t\t\t\t\t\t\t<\/div>\n\t\t\t\t<div class=\"elementor-element elementor-element-047749b img-aspect-ratio-4-3 elementor-widget elementor-widget-image\" data-id=\"047749b\" data-element_type=\"widget\" data-e-type=\"widget\" data-widget_type=\"image.default\">\n\t\t\t\t\t\t\t\t\t\t\t\t\t\t\t<img fetchpriority=\"high\" decoding=\"async\" width=\"2000\" height=\"1500\" src=\"https:\/\/suedpfalz-therme.de\/wp-content\/uploads\/2026\/01\/Gastronomie-Thermenterrasse.webp\" class=\"elementor-animation-grow attachment-full size-full wp-image-4585\" alt=\"Gastronomie \u2013 Terrasse thermale\" srcset=\"https:\/\/suedpfalz-therme.de\/wp-content\/uploads\/2026\/01\/Gastronomie-Thermenterrasse.webp 2000w, https:\/\/suedpfalz-therme.de\/wp-content\/uploads\/2026\/01\/Gastronomie-Thermenterrasse-300x225.webp 300w, https:\/\/suedpfalz-therme.de\/wp-content\/uploads\/2026\/01\/Gastronomie-Thermenterrasse-1024x768.webp 1024w, https:\/\/suedpfalz-therme.de\/wp-content\/uploads\/2026\/01\/Gastronomie-Thermenterrasse-768x576.webp 768w, https:\/\/suedpfalz-therme.de\/wp-content\/uploads\/2026\/01\/Gastronomie-Thermenterrasse-1536x1152.webp 1536w\" sizes=\"(max-width: 2000px) 100vw, 2000px\" \/>\t\t\t\t\t\t\t\t\t\t\t\t\t\t\t<\/div>\n\t\t\t\t<\/div>\n\t\t<div class=\"elementor-element elementor-element-7e4c8f6 e-con-full e-grid e-con e-child\" data-id=\"7e4c8f6\" data-element_type=\"container\" data-e-type=\"container\">\n\t\t<div class=\"elementor-element elementor-element-09a236c e-con-full e-flex e-con e-child\" data-id=\"09a236c\" data-element_type=\"container\" data-e-type=\"container\">\n\t\t\t\t<div class=\"elementor-element elementor-element-b6d1870 elementor-widget elementor-widget-heading\" data-id=\"b6d1870\" data-element_type=\"widget\" data-e-type=\"widget\" data-widget_type=\"heading.default\">\n\t\t\t\t\t<h2 class=\"elementor-heading-title elementor-size-default\">R\u00e9servation &amp; Contact<\/h2>\t\t\t\t<\/div>\n\t\t\t\t<div class=\"elementor-element elementor-element-e4d948c elementor-widget elementor-widget-button\" data-id=\"e4d948c\" data-element_type=\"widget\" data-e-type=\"widget\" data-widget_type=\"button.default\">\n\t\t\t\t\t\t\t\t\t\t<a class=\"elementor-button elementor-button-link elementor-size-sm\" href=\"tel:+496343988460\">\n\t\t\t\t\t\t<span class=\"elementor-button-content-wrapper\">\n\t\t\t\t\t\t\t\t\t<span class=\"elementor-button-text\">T\u00e9l\u00e9phone 06343 988460<\/span>\n\t\t\t\t\t<\/span>\n\t\t\t\t\t<\/a>\n\t\t\t\t\t\t\t\t<\/div>\n\t\t\t\t<\/div>\n\t\t<div class=\"elementor-element elementor-element-b4bb146 e-con-full e-flex e-con e-child\" data-id=\"b4bb146\" data-element_type=\"container\" data-e-type=\"container\">\n\t\t\t\t<div class=\"elementor-element elementor-element-5f8ab7f elementor-widget elementor-widget-heading\" data-id=\"5f8ab7f\" data-element_type=\"widget\" data-e-type=\"widget\" data-widget_type=\"heading.default\">\n\t\t\t\t\t<h2 class=\"elementor-heading-title elementor-size-default\">Cartes des plats &amp; boissons<\/h2>\t\t\t\t<\/div>\n\t\t\t\t<div class=\"elementor-element elementor-element-64617fe elementor-widget elementor-widget-button\" data-id=\"64617fe\" data-element_type=\"widget\" data-e-type=\"widget\" data-widget_type=\"button.default\">\n\t\t\t\t\t\t\t\t\t\t<a class=\"elementor-button elementor-button-link elementor-size-sm\" href=\"https:\/\/suedpfalz-therme.de\/wp-content\/uploads\/2026\/01\/Fruehstueckskarte_Therme_Gastro.pdf\" target=\"_blank\">\n\t\t\t\t\t\t<span class=\"elementor-button-content-wrapper\">\n\t\t\t\t\t\t\t\t\t<span class=\"elementor-button-text\">Carte des petits-d\u00e9jeuners<\/span>\n\t\t\t\t\t<\/span>\n\t\t\t\t\t<\/a>\n\t\t\t\t\t\t\t\t<\/div>\n\t\t\t\t<div class=\"elementor-element elementor-element-fcc617c elementor-widget elementor-widget-button\" data-id=\"fcc617c\" data-element_type=\"widget\" data-e-type=\"widget\" data-widget_type=\"button.default\">\n\t\t\t\t\t\t\t\t\t\t<a class=\"elementor-button elementor-button-link elementor-size-sm\" href=\"https:\/\/suedpfalz-therme.de\/wp-content\/uploads\/2026\/01\/Speisekarte_Therme_Gastro.pdf\" target=\"_blank\">\n\t\t\t\t\t\t<span class=\"elementor-button-content-wrapper\">\n\t\t\t\t\t\t\t\t\t<span class=\"elementor-button-text\">Carte des plats<\/span>\n\t\t\t\t\t<\/span>\n\t\t\t\t\t<\/a>\n\t\t\t\t\t\t\t\t<\/div>\n\t\t\t\t<div class=\"elementor-element elementor-element-a89666c elementor-widget elementor-widget-button\" data-id=\"a89666c\" data-element_type=\"widget\" data-e-type=\"widget\" data-widget_type=\"button.default\">\n\t\t\t\t\t\t\t\t\t\t<a class=\"elementor-button elementor-button-link elementor-size-sm\" href=\"https:\/\/suedpfalz-therme.de\/wp-content\/uploads\/2026\/01\/Getraenkekarte_Therme_Gastro.pdf\" target=\"_blank\">\n\t\t\t\t\t\t<span class=\"elementor-button-content-wrapper\">\n\t\t\t\t\t\t\t\t\t<span class=\"elementor-button-text\">Carte des boissons<\/span>\n\t\t\t\t\t<\/span>\n\t\t\t\t\t<\/a>\n\t\t\t\t\t\t\t\t<\/div>\n\t\t\t\t<\/div>\n\t\t\t\t<\/div>\n\t\t\t\t\t<\/div>\n\t\t\t\t<\/div>\n\t\t\t\t<\/div>\n\t\t","protected":false},"excerpt":{"rendered":"<p>Gastronomie R\u00e9gional. Frais. Savoureux. D\u00e9tente et plaisir vont de pair. Que ce soit au restaurant thermal, au restaurant du sauna ou sur notre terrasse ensoleill\u00e9e avec vue sur le jardin thermal \u2013 laissez-vous s\u00e9duire par des sp\u00e9cialit\u00e9s r\u00e9gionales, des plats m\u00e9diterran\u00e9ens et de douces tentations. Frais, vari\u00e9s et pr\u00e9par\u00e9s avec soin : nos plats conviennent&hellip;<\/p>\n","protected":false},"author":1,"featured_media":0,"parent":0,"menu_order":60,"comment_status":"closed","ping_status":"closed","template":"modus.php","meta":{"inline_featured_image":false,"footnotes":""},"class_list":["post-4581","page","type-page","status-publish","hentry"],"publishpress_future_action":{"enabled":false,"date":"2026-05-04 17:05:54","action":"change-status","newStatus":"draft","terms":[],"taxonomy":"translation_priority","extraData":[]},"publishpress_future_workflow_manual_trigger":{"enabledWorkflows":[]},"_links":{"self":[{"href":"https:\/\/suedpfalz-therme.de\/fr\/wp-json\/wp\/v2\/pages\/4581","targetHints":{"allow":["GET"]}}],"collection":[{"href":"https:\/\/suedpfalz-therme.de\/fr\/wp-json\/wp\/v2\/pages"}],"about":[{"href":"https:\/\/suedpfalz-therme.de\/fr\/wp-json\/wp\/v2\/types\/page"}],"author":[{"embeddable":true,"href":"https:\/\/suedpfalz-therme.de\/fr\/wp-json\/wp\/v2\/users\/1"}],"replies":[{"embeddable":true,"href":"https:\/\/suedpfalz-therme.de\/fr\/wp-json\/wp\/v2\/comments?post=4581"}],"version-history":[{"count":3,"href":"https:\/\/suedpfalz-therme.de\/fr\/wp-json\/wp\/v2\/pages\/4581\/revisions"}],"predecessor-version":[{"id":5197,"href":"https:\/\/suedpfalz-therme.de\/fr\/wp-json\/wp\/v2\/pages\/4581\/revisions\/5197"}],"wp:attachment":[{"href":"https:\/\/suedpfalz-therme.de\/fr\/wp-json\/wp\/v2\/media?parent=4581"}],"curies":[{"name":"wp","href":"https:\/\/api.w.org\/{rel}","templated":true}]}}