{"id":4587,"date":"2025-12-03T15:40:45","date_gmt":"2025-12-03T14:40:45","guid":{"rendered":"https:\/\/suedpfalz-therme.de\/information\/horaires-douverture\/"},"modified":"2026-03-12T10:52:17","modified_gmt":"2026-03-12T09:52:17","slug":"horaires-douverture","status":"publish","type":"page","link":"https:\/\/suedpfalz-therme.de\/fr\/information\/horaires-douverture\/","title":{"rendered":"Horaires d\u2019ouverture"},"content":{"rendered":"\t\t<div data-elementor-type=\"wp-page\" data-elementor-id=\"4587\" class=\"elementor elementor-4587 elementor-2861\" data-elementor-post-type=\"page\">\n\t\t\t\t<section class=\"elementor-element elementor-element-5666be3 modus-slider e-flex e-con-boxed e-con e-parent\" data-id=\"5666be3\" data-element_type=\"container\" data-e-type=\"container\" data-settings=\"{&quot;background_background&quot;:&quot;classic&quot;}\">\n\t\t\t\t\t<div class=\"e-con-inner\">\n\t\t\t\t\t<\/div>\n\t\t\t\t<\/section>\n\t\t<div class=\"elementor-element elementor-element-d25bbbd e-flex e-con-boxed e-con e-parent\" data-id=\"d25bbbd\" data-element_type=\"container\" data-e-type=\"container\">\n\t\t\t\t\t<div class=\"e-con-inner\">\n\t\t<div class=\"elementor-element elementor-element-bd06cd0 e-grid e-con-full listing-grid e-con e-child\" data-id=\"bd06cd0\" data-element_type=\"container\" data-e-type=\"container\">\n\t\t<div class=\"elementor-element elementor-element-d3ddc50 e-con-full e-flex e-con e-child\" data-id=\"d3ddc50\" data-element_type=\"container\" data-e-type=\"container\" data-settings=\"{&quot;background_background&quot;:&quot;classic&quot;}\">\n\t\t<div class=\"elementor-element elementor-element-688b980 e-con-full e-flex e-con e-child\" data-id=\"688b980\" data-element_type=\"container\" data-e-type=\"container\">\n\t\t\t\t<div class=\"elementor-element elementor-element-d76c44d h3 elementor-widget elementor-widget-heading\" data-id=\"d76c44d\" data-element_type=\"widget\" data-e-type=\"widget\" data-widget_type=\"heading.default\">\n\t\t\t\t\t<h3 class=\"elementor-heading-title elementor-size-default\">Thermes et Sauna<\/h3>\t\t\t\t<\/div>\n\t\t\t\t<div class=\"elementor-element elementor-element-bcec6c0 elementor-widget elementor-widget-text-editor\" data-id=\"bcec6c0\" data-element_type=\"widget\" data-e-type=\"widget\" data-widget_type=\"text-editor.default\">\n\t\t\t\t\t\t\t\t\t<p class=\"p1\"><strong>Tous les jours de 9h00 \u00e0 22h00<\/strong><br>Mardi : sauna r\u00e9serv\u00e9 aux femmes toute la journ\u00e9e, sauf les jours f\u00e9ri\u00e9s et pendant les vacances de No\u00ebl<\/p><p class=\"p1\"><strong>Vendredi, samedi : de 9h00 \u00e0 23h00\u2028<\/strong><br>Fin des bains\/sauna 20 min avant la fermeture <\/p>\t\t\t\t\t\t\t\t<\/div>\n\t\t\t\t<\/div>\n\t\t\t\t<\/div>\n\t\t<div class=\"elementor-element elementor-element-a69eb79 e-con-full e-flex e-con e-child\" data-id=\"a69eb79\" data-element_type=\"container\" data-e-type=\"container\" data-settings=\"{&quot;background_background&quot;:&quot;classic&quot;}\">\n\t\t<div class=\"elementor-element elementor-element-66b7a6f e-con-full e-flex e-con e-child\" data-id=\"66b7a6f\" data-element_type=\"container\" data-e-type=\"container\">\n\t\t\t\t<div class=\"elementor-element elementor-element-a3be44c h3 elementor-widget elementor-widget-heading\" data-id=\"a3be44c\" data-element_type=\"widget\" data-e-type=\"widget\" data-widget_type=\"heading.default\">\n\t\t\t\t\t<h3 class=\"elementor-heading-title elementor-size-default\">Grotte de sel<\/h3>\t\t\t\t<\/div>\n\t\t\t\t<div class=\"elementor-element elementor-element-7f24a97 elementor-widget elementor-widget-text-editor\" data-id=\"7f24a97\" data-element_type=\"widget\" data-e-type=\"widget\" data-widget_type=\"text-editor.default\">\n\t\t\t\t\t\t\t\t\t<p><strong>Tous les jours \u00e0 l&rsquo;heure pile :<br><\/strong>10h00, 11h00, 12h00, 14h00, 15h00, 16h00*, 17h00 et 18h00.<\/p><p>* Ce cr\u00e9neau est sp\u00e9cialement r\u00e9serv\u00e9 aux parents avec enfants.<\/p>\t\t\t\t\t\t\t\t<\/div>\n\t\t\t\t<\/div>\n\t\t\t\t<\/div>\n\t\t<div class=\"elementor-element elementor-element-a313f2f e-con-full e-flex e-con e-child\" data-id=\"a313f2f\" data-element_type=\"container\" data-e-type=\"container\" data-settings=\"{&quot;background_background&quot;:&quot;classic&quot;}\">\n\t\t<div class=\"elementor-element elementor-element-5100fd1 e-con-full e-flex e-con e-child\" data-id=\"5100fd1\" data-element_type=\"container\" data-e-type=\"container\">\n\t\t\t\t<div class=\"elementor-element elementor-element-917b2ec h3 elementor-widget elementor-widget-heading\" data-id=\"917b2ec\" data-element_type=\"widget\" data-e-type=\"widget\" data-widget_type=\"heading.default\">\n\t\t\t\t\t<h3 class=\"elementor-heading-title elementor-size-default\">Bien-\u00eatre \/ Physioth\u00e9rapie<\/h3>\t\t\t\t<\/div>\n\t\t\t\t<div class=\"elementor-element elementor-element-279c77c elementor-widget elementor-widget-text-editor\" data-id=\"279c77c\" data-element_type=\"widget\" data-e-type=\"widget\" data-widget_type=\"text-editor.default\">\n\t\t\t\t\t\t\t\t\t<p class=\"p1\"><strong>Tous les jours de 9h00 \u00e0 20h00 <\/strong>\u2013 \u00e9galement le week-end<\/p>\t\t\t\t\t\t\t\t<\/div>\n\t\t\t\t<\/div>\n\t\t\t\t<\/div>\n\t\t<div class=\"elementor-element elementor-element-ae00ac5 e-con-full e-flex e-con e-child\" data-id=\"ae00ac5\" data-element_type=\"container\" data-e-type=\"container\" data-settings=\"{&quot;background_background&quot;:&quot;classic&quot;}\">\n\t\t<div class=\"elementor-element elementor-element-18d00b8 e-con-full e-flex e-con e-child\" data-id=\"18d00b8\" data-element_type=\"container\" data-e-type=\"container\">\n\t\t\t\t<div class=\"elementor-element elementor-element-a1513c2 h3 elementor-widget elementor-widget-heading\" data-id=\"a1513c2\" data-element_type=\"widget\" data-e-type=\"widget\" data-widget_type=\"heading.default\">\n\t\t\t\t\t<h3 class=\"elementor-heading-title elementor-size-default\">Boutique<\/h3>\t\t\t\t<\/div>\n\t\t\t\t<div class=\"elementor-element elementor-element-3c70c10 elementor-widget elementor-widget-text-editor\" data-id=\"3c70c10\" data-element_type=\"widget\" data-e-type=\"widget\" data-widget_type=\"text-editor.default\">\n\t\t\t\t\t\t\t\t\t<p class=\"p1\"><strong>Tous les jours <\/strong><br><strong>de 10h00 \u00e0 13h30 <\/strong>et<br><strong>de 14h00 \u00e0 18h00<\/strong><\/p>\t\t\t\t\t\t\t\t<\/div>\n\t\t\t\t<\/div>\n\t\t\t\t<\/div>\n\t\t<div class=\"elementor-element elementor-element-5243346 e-con-full e-flex e-con e-child\" data-id=\"5243346\" data-element_type=\"container\" data-e-type=\"container\" data-settings=\"{&quot;background_background&quot;:&quot;classic&quot;}\">\n\t\t<div class=\"elementor-element elementor-element-6714b0d e-con-full e-flex e-con e-child\" data-id=\"6714b0d\" data-element_type=\"container\" data-e-type=\"container\">\n\t\t\t\t<div class=\"elementor-element elementor-element-c7934fe h3 elementor-widget elementor-widget-heading\" data-id=\"c7934fe\" data-element_type=\"widget\" data-e-type=\"widget\" data-widget_type=\"heading.default\">\n\t\t\t\t\t<h3 class=\"elementor-heading-title elementor-size-default\">Restauration<\/h3>\t\t\t\t<\/div>\n\t\t\t\t<div class=\"elementor-element elementor-element-ae8b2a1 elementor-widget elementor-widget-text-editor\" data-id=\"ae8b2a1\" data-element_type=\"widget\" data-e-type=\"widget\" data-widget_type=\"text-editor.default\">\n\t\t\t\t\t\t\t\t\t<p class=\"p1\"><strong>Bistro des Thermes et Brasserie :<br><\/strong> Tous les jours de 9h30 \u00e0 21h30<br>Vendredi, samedi : de 9h30 \u00e0 22h00<\/p><p class=\"p1\"><strong>Bistro du Saunadeck :<br><\/strong>Tous les jours de 12h00 \u00e0 21h45<br>Vendredi, samedi : de 12h00 \u00e0 22h45\u2028 <\/p>\t\t\t\t\t\t\t\t<\/div>\n\t\t\t\t<\/div>\n\t\t\t\t<\/div>\n\t\t\t\t<\/div>\n\t\t\t\t\t<\/div>\n\t\t\t\t<\/div>\n\t\t<div class=\"elementor-element elementor-element-8f44299 e-flex e-con-boxed e-con e-parent\" data-id=\"8f44299\" data-element_type=\"container\" data-e-type=\"container\" data-settings=\"{&quot;background_background&quot;:&quot;classic&quot;}\">\n\t\t\t\t\t<div class=\"e-con-inner\">\n\t\t\t\t<div class=\"elementor-element elementor-element-c91d991 h2 elementor-widget elementor-widget-heading\" data-id=\"c91d991\" data-element_type=\"widget\" data-e-type=\"widget\" data-widget_type=\"heading.default\">\n\t\t\t\t\t<h2 class=\"elementor-heading-title elementor-size-default\">Dates sp\u00e9ciales<\/h2>\t\t\t\t<\/div>\n\t\t<div class=\"elementor-element elementor-element-af8973d e-grid e-con-full listing-grid e-con e-child\" data-id=\"af8973d\" data-element_type=\"container\" data-e-type=\"container\">\n\t\t<div class=\"elementor-element elementor-element-523d766 e-con-full e-flex e-con e-child\" data-id=\"523d766\" data-element_type=\"container\" data-e-type=\"container\" data-settings=\"{&quot;background_background&quot;:&quot;classic&quot;}\">\n\t\t<div class=\"elementor-element elementor-element-6b7a472 e-con-full e-flex e-con e-child\" data-id=\"6b7a472\" data-element_type=\"container\" data-e-type=\"container\">\n\t\t\t\t<div class=\"elementor-element elementor-element-c90509e h3 elementor-widget elementor-widget-heading\" data-id=\"c90509e\" data-element_type=\"widget\" data-e-type=\"widget\" data-widget_type=\"heading.default\">\n\t\t\t\t\t<h3 class=\"elementor-heading-title elementor-size-default\">Sauna pour femmes<\/h3>\t\t\t\t<\/div>\n\t\t\t\t<div class=\"elementor-element elementor-element-e4a1d68 elementor-widget elementor-widget-text-editor\" data-id=\"e4a1d68\" data-element_type=\"widget\" data-e-type=\"widget\" data-widget_type=\"text-editor.default\">\n\t\t\t\t\t\t\t\t\t<p class=\"p1\"><strong>Mardi toute la journ\u00e9e<\/strong> (sauf les jours f\u00e9ri\u00e9s et pendant les vacances de No\u00ebl)<\/p>\t\t\t\t\t\t\t\t<\/div>\n\t\t\t\t<\/div>\n\t\t\t\t<\/div>\n\t\t<div class=\"elementor-element elementor-element-f370076 e-con-full e-flex e-con e-child\" data-id=\"f370076\" data-element_type=\"container\" data-e-type=\"container\" data-settings=\"{&quot;background_background&quot;:&quot;classic&quot;}\">\n\t\t<div class=\"elementor-element elementor-element-7b564fe e-con-full e-flex e-con e-child\" data-id=\"7b564fe\" data-element_type=\"container\" data-e-type=\"container\">\n\t\t\t\t<div class=\"elementor-element elementor-element-1b93dd2 h3 elementor-widget elementor-widget-heading\" data-id=\"1b93dd2\" data-element_type=\"widget\" data-e-type=\"widget\" data-widget_type=\"heading.default\">\n\t\t\t\t\t<h3 class=\"elementor-heading-title elementor-size-default\">Longues nuits de sauna<\/h3>\t\t\t\t<\/div>\n\t\t\t\t<div class=\"elementor-element elementor-element-c77f3d4 elementor-widget elementor-widget-text-editor\" data-id=\"c77f3d4\" data-element_type=\"widget\" data-e-type=\"widget\" data-widget_type=\"text-editor.default\">\n\t\t\t\t\t\t\t\t\t<p><strong>Toujours le 1er samedi du mois<\/strong> d&rsquo;octobre \u00e0 avril\u2028: sauna et baignade sans textile de 18h00 \u00e0 24h00<\/p>\t\t\t\t\t\t\t\t<\/div>\n\t\t\t\t<\/div>\n\t\t\t\t<\/div>\n\t\t<div class=\"elementor-element elementor-element-f361e9f e-con-full e-flex e-con e-child\" data-id=\"f361e9f\" data-element_type=\"container\" data-e-type=\"container\" data-settings=\"{&quot;background_background&quot;:&quot;classic&quot;}\">\n\t\t<div class=\"elementor-element elementor-element-4296a2f e-con-full e-flex e-con e-child\" data-id=\"4296a2f\" data-element_type=\"container\" data-e-type=\"container\">\n\t\t\t\t<div class=\"elementor-element elementor-element-aba1fa3 h3 elementor-widget elementor-widget-heading\" data-id=\"aba1fa3\" data-element_type=\"widget\" data-e-type=\"widget\" data-widget_type=\"heading.default\">\n\t\t\t\t\t<h3 class=\"elementor-heading-title elementor-size-default\">Jours f\u00e9ri\u00e9s<\/h3>\t\t\t\t<\/div>\n\t\t\t\t<div class=\"elementor-element elementor-element-0bf9ddc elementor-widget elementor-widget-text-editor\" data-id=\"0bf9ddc\" data-element_type=\"widget\" data-e-type=\"widget\" data-widget_type=\"text-editor.default\">\n\t\t\t\t\t\t\t\t\t<p class=\"p1\">Nous sommes \u00e9galement ouverts les jours f\u00e9ri\u00e9s.<\/p>\t\t\t\t\t\t\t\t<\/div>\n\t\t\t\t<\/div>\n\t\t\t\t<\/div>\n\t\t<div class=\"elementor-element elementor-element-29d142f e-con-full e-flex e-con e-child\" data-id=\"29d142f\" data-element_type=\"container\" data-e-type=\"container\" data-settings=\"{&quot;background_background&quot;:&quot;classic&quot;}\">\n\t\t<div class=\"elementor-element elementor-element-64d3122 e-con-full e-flex e-con e-child\" data-id=\"64d3122\" data-element_type=\"container\" data-e-type=\"container\">\n\t\t\t\t<div class=\"elementor-element elementor-element-f6c99b7 h3 elementor-widget elementor-widget-heading\" data-id=\"f6c99b7\" data-element_type=\"widget\" data-e-type=\"widget\" data-widget_type=\"heading.default\">\n\t\t\t\t\t<h3 class=\"elementor-heading-title elementor-size-default\">Jours de fermeture<\/h3>\t\t\t\t<\/div>\n\t\t\t\t<div class=\"elementor-element elementor-element-c518cea elementor-widget elementor-widget-text-editor\" data-id=\"c518cea\" data-element_type=\"widget\" data-e-type=\"widget\" data-widget_type=\"text-editor.default\">\n\t\t\t\t\t\t\t\t\t<p class=\"p1\">24.12., 25.12. et le 01\/01\/2027<br>Le 31\/12, ouverture de 9h00 \u00e0 16h00. <\/p><p class=\"p1\"><strong>Fermeture pour r\u00e9vision :<\/strong><br>Du 08 au 16\/06\/2026<\/p>\t\t\t\t\t\t\t\t<\/div>\n\t\t\t\t<\/div>\n\t\t\t\t<\/div>\n\t\t\t\t<\/div>\n\t\t\t\t\t<\/div>\n\t\t\t\t<\/div>\n\t\t\t\t<\/div>\n\t\t","protected":false},"excerpt":{"rendered":"<p>Thermes et Sauna Tous les jours de 9h00 \u00e0 22h00Mardi : sauna r\u00e9serv\u00e9 aux femmes toute la journ\u00e9e, sauf les jours f\u00e9ri\u00e9s et pendant les vacances de No\u00ebl Vendredi, samedi : de 9h00 \u00e0 23h00\u2028Fin des bains\/sauna 20 min avant la fermeture Grotte de sel Tous les jours \u00e0 l&rsquo;heure pile :10h00, 11h00, 12h00, 14h00,&hellip;<\/p>\n","protected":false},"author":1,"featured_media":0,"parent":4471,"menu_order":10,"comment_status":"closed","ping_status":"closed","template":"modus.php","meta":{"inline_featured_image":false,"footnotes":""},"class_list":["post-4587","page","type-page","status-publish","hentry"],"publishpress_future_action":{"enabled":false,"date":"2026-05-04 17:05:32","action":"change-status","newStatus":"draft","terms":[],"taxonomy":"translation_priority","extraData":[]},"publishpress_future_workflow_manual_trigger":{"enabledWorkflows":[]},"_links":{"self":[{"href":"https:\/\/suedpfalz-therme.de\/fr\/wp-json\/wp\/v2\/pages\/4587","targetHints":{"allow":["GET"]}}],"collection":[{"href":"https:\/\/suedpfalz-therme.de\/fr\/wp-json\/wp\/v2\/pages"}],"about":[{"href":"https:\/\/suedpfalz-therme.de\/fr\/wp-json\/wp\/v2\/types\/page"}],"author":[{"embeddable":true,"href":"https:\/\/suedpfalz-therme.de\/fr\/wp-json\/wp\/v2\/users\/1"}],"replies":[{"embeddable":true,"href":"https:\/\/suedpfalz-therme.de\/fr\/wp-json\/wp\/v2\/comments?post=4587"}],"version-history":[{"count":1,"href":"https:\/\/suedpfalz-therme.de\/fr\/wp-json\/wp\/v2\/pages\/4587\/revisions"}],"predecessor-version":[{"id":5213,"href":"https:\/\/suedpfalz-therme.de\/fr\/wp-json\/wp\/v2\/pages\/4587\/revisions\/5213"}],"up":[{"embeddable":true,"href":"https:\/\/suedpfalz-therme.de\/fr\/wp-json\/wp\/v2\/pages\/4471"}],"wp:attachment":[{"href":"https:\/\/suedpfalz-therme.de\/fr\/wp-json\/wp\/v2\/media?parent=4587"}],"curies":[{"name":"wp","href":"https:\/\/api.w.org\/{rel}","templated":true}]}}