{"id":4788,"date":"2025-12-03T15:45:51","date_gmt":"2025-12-03T14:45:51","guid":{"rendered":"https:\/\/suedpfalz-therme.de\/contact\/"},"modified":"2026-03-12T10:53:30","modified_gmt":"2026-03-12T09:53:30","slug":"contact","status":"publish","type":"page","link":"https:\/\/suedpfalz-therme.de\/fr\/contact\/","title":{"rendered":"Contact"},"content":{"rendered":"\t\t<div data-elementor-type=\"wp-page\" data-elementor-id=\"4788\" class=\"elementor elementor-4788 elementor-2877\" data-elementor-post-type=\"page\">\n\t\t\t\t<section class=\"elementor-element elementor-element-b056c24 modus-slider e-flex e-con-boxed e-con e-parent\" data-id=\"b056c24\" data-element_type=\"container\" data-e-type=\"container\" data-settings=\"{&quot;background_background&quot;:&quot;classic&quot;}\">\n\t\t\t\t\t<div class=\"e-con-inner\">\n\t\t\t\t\t<\/div>\n\t\t\t\t<\/section>\n\t\t<div class=\"elementor-element elementor-element-3a58945 e-flex e-con-boxed e-con e-parent\" data-id=\"3a58945\" data-element_type=\"container\" data-e-type=\"container\">\n\t\t\t\t\t<div class=\"e-con-inner\">\n\t\t\t\t<div class=\"elementor-element elementor-element-912062f h2 elementor-widget elementor-widget-heading\" data-id=\"912062f\" data-element_type=\"widget\" data-e-type=\"widget\" data-widget_type=\"heading.default\">\n\t\t\t\t\t<h2 class=\"elementor-heading-title elementor-size-default\">Parlons-en...<\/h2>\t\t\t\t<\/div>\n\t\t\t\t<div class=\"elementor-element elementor-element-1344d57 elementor-widget elementor-widget-text-editor\" data-id=\"1344d57\" data-element_type=\"widget\" data-e-type=\"widget\" data-widget_type=\"text-editor.default\">\n\t\t\t\t\t\t\t\t\t<p>Nous accueillons avec plaisir vos \u00e9loges et votre reconnaissance. Nous sommes \u00e9galement attentifs \u00e0 vos critiques, suggestions d&rsquo;am\u00e9lioration et \u00e0 toute autre communication, et nous nous r\u00e9jouissons de votre message. <\/p>\t\t\t\t\t\t\t\t<\/div>\n\t\t<div class=\"elementor-element elementor-element-a42628c e-con-full e-flex e-con e-child\" data-id=\"a42628c\" data-element_type=\"container\" data-e-type=\"container\">\n\t\t\t\t<div class=\"elementor-element elementor-element-fcb2efd elementor-widget elementor-widget-heading\" data-id=\"fcb2efd\" data-element_type=\"widget\" data-e-type=\"widget\" data-widget_type=\"heading.default\">\n\t\t\t\t\t<h4 class=\"elementor-heading-title elementor-size-default\">Staatsbad Bad Bergzabern<\/h4>\t\t\t\t<\/div>\n\t\t\t\t<div class=\"elementor-element elementor-element-2c7f4cc elementor-widget elementor-widget-text-editor\" data-id=\"2c7f4cc\" data-element_type=\"widget\" data-e-type=\"widget\" data-widget_type=\"text-editor.default\">\n\t\t\t\t\t\t\t\t\t<p>Kurtalstra\u00dfe 27<br>76887 Bad Bergzabern<br>T\u00e9l. <a href=\"tel:00496343934010\">06343 934010<\/a><br>Fax <a href=\"fax:00496343934040\">06343 934040<\/a><br>E-mail <a href=\"mailto:info@suedpfalz-therme.de\">info@suedpfalz-therme.de<\/a><br><a href=\"http:\/\/www.suedpfalz-therme.de\">www.suedpfalz-therme.de<\/a><\/p>\t\t\t\t\t\t\t\t<\/div>\n\t\t\t\t<\/div>\n\t\t\t\t<div class=\"elementor-element elementor-element-928c1b2 elementor-widget-divider--view-line elementor-widget elementor-widget-divider\" data-id=\"928c1b2\" data-element_type=\"widget\" data-e-type=\"widget\" data-widget_type=\"divider.default\">\n\t\t\t\t\t\t\t<div class=\"elementor-divider\">\n\t\t\t<span class=\"elementor-divider-separator\">\n\t\t\t\t\t\t<\/span>\n\t\t<\/div>\n\t\t\t\t\t\t<\/div>\n\t\t\t\t<div class=\"elementor-element elementor-element-24bcdce elementor-widget elementor-widget-shortcode\" data-id=\"24bcdce\" data-element_type=\"widget\" data-e-type=\"widget\" data-widget_type=\"shortcode.default\">\n\t\t\t\t\t\t\t<div class=\"elementor-shortcode\">\n<div class=\"wpcf7 no-js\" id=\"wpcf7-f4720-o1\" lang=\"fr-FR\" dir=\"ltr\" data-wpcf7-id=\"4720\">\n<div class=\"screen-reader-response\"><p role=\"status\" aria-live=\"polite\" aria-atomic=\"true\"><\/p> <ul><\/ul><\/div>\n<form action=\"\/fr\/wp-json\/wp\/v2\/pages\/4788#wpcf7-f4720-o1\" method=\"post\" class=\"wpcf7-form init\" aria-label=\"Formulaire de contact\" novalidate=\"novalidate\" data-status=\"init\">\n<fieldset class=\"hidden-fields-container\"><input type=\"hidden\" name=\"_wpcf7\" value=\"4720\" \/><input type=\"hidden\" name=\"_wpcf7_version\" value=\"6.1.5\" \/><input type=\"hidden\" name=\"_wpcf7_locale\" value=\"fr_FR\" \/><input type=\"hidden\" name=\"_wpcf7_unit_tag\" value=\"wpcf7-f4720-o1\" \/><input type=\"hidden\" name=\"_wpcf7_container_post\" value=\"0\" \/><input type=\"hidden\" name=\"_wpcf7_posted_data_hash\" value=\"\" \/>\n<\/fieldset>\n<div class=\"formular\">\n\t<p><span id=\"wpcf7-69ef8fe70a831-wrapper\" class=\"wpcf7-form-control-wrap mailprivat-wrap\" style=\"display:none !important; visibility:hidden !important;\"><label for=\"wpcf7-69ef8fe70a831-field\" class=\"hp-message\">Veuillez laisser ce champ vide.<\/label><input id=\"wpcf7-69ef8fe70a831-field\"  class=\"wpcf7-form-control wpcf7-text\" type=\"text\" name=\"mailprivat\" value=\"\" size=\"40\" tabindex=\"-1\" autocomplete=\"new-password\" \/><\/span><span id=\"wpcf7-69ef8fe70a85d-wrapper\" class=\"wpcf7-form-control-wrap vornamenachname-wrap\" style=\"display:none !important; visibility:hidden !important;\"><label for=\"wpcf7-69ef8fe70a85d-field\" class=\"hp-message\">Veuillez laisser ce champ vide.<\/label><input id=\"wpcf7-69ef8fe70a85d-field\"  class=\"wpcf7-form-control wpcf7-text\" type=\"text\" name=\"vornamenachname\" value=\"\" size=\"40\" tabindex=\"-1\" autocomplete=\"new-password\" \/><\/span>\n\t<\/p>\n\t<div class=\"row\">\n\t\t<div class=\"col-12\">\n\t\t\t<p><label for=\"vorname\">Nom *<\/label><span class=\"wpcf7-form-control-wrap\" data-name=\"vornachname\"><input size=\"40\" maxlength=\"400\" class=\"wpcf7-form-control wpcf7-text wpcf7-validates-as-required\" aria-required=\"true\" aria-invalid=\"false\" value=\"\" type=\"text\" name=\"vornachname\" \/><\/span>\n\t\t\t<\/p>\n\t\t<\/div>\n\t<\/div>\n\t<div class=\"row\">\n\t\t<div class=\"col-12 col-sm-6\">\n\t\t\t<p><label for=\"tel\">T\u00e9l\u00e9phone *<\/label><span class=\"wpcf7-form-control-wrap\" data-name=\"tel\"><input size=\"40\" maxlength=\"400\" class=\"wpcf7-form-control wpcf7-text wpcf7-validates-as-required\" aria-required=\"true\" aria-invalid=\"false\" value=\"\" type=\"text\" name=\"tel\" \/><\/span>\n\t\t\t<\/p>\n\t\t<\/div>\n\t\t<div class=\"col-12 col-sm-6\">\n\t\t\t<p><label for=\"email\">E-mail *<\/label><span class=\"wpcf7-form-control-wrap\" data-name=\"email\"><input size=\"40\" maxlength=\"400\" class=\"wpcf7-form-control wpcf7-email wpcf7-validates-as-required wpcf7-text wpcf7-validates-as-email\" aria-required=\"true\" aria-invalid=\"false\" value=\"\" type=\"email\" name=\"email\" \/><\/span>\n\t\t\t<\/p>\n\t\t<\/div>\n\t<\/div>\n\t<div class=\"row extendcolumns\">\n\t\t<div class=\"col-12 col-sm-6\">\n\t\t\t<p><label for=\"antwort\">Recevoir la r\u00e9ponse par<\/label><span class=\"wpcf7-form-control-wrap\" data-name=\"antwort\"><select class=\"wpcf7-form-control wpcf7-select\" aria-invalid=\"false\" name=\"antwort\"><option value=\"\">&#8212;Veuillez choisir une option&#8212;<\/option><option value=\"T\u00e9l\u00e9phone\">T\u00e9l\u00e9phone<\/option><option value=\"E-mail\">E-mail<\/option><\/select><\/span>\n\t\t\t<\/p>\n\t\t<\/div>\n\t\t<div class=\"col-12 col-sm-6\">\n\t\t\t<p><label for=\"betreff\">Objet<\/label><span class=\"wpcf7-form-control-wrap\" data-name=\"betreff\"><input size=\"40\" maxlength=\"400\" class=\"wpcf7-form-control wpcf7-text\" aria-invalid=\"false\" value=\"\" type=\"text\" name=\"betreff\" \/><\/span>\n\t\t\t<\/p>\n\t\t<\/div>\n\t<\/div>\n\t<div class=\"row\">\n\t\t<div class=\"col-12\">\n\t\t\t<p><label for=\"message\">Message *<\/label><span class=\"wpcf7-form-control-wrap\" data-name=\"message\"><textarea cols=\"40\" rows=\"10\" maxlength=\"2000\" class=\"wpcf7-form-control wpcf7-textarea wpcf7-validates-as-required\" aria-required=\"true\" aria-invalid=\"false\" name=\"message\"><\/textarea><\/span>\n\t\t\t<\/p>\n\t\t<\/div>\n\t<\/div>\n\t<div class=\"row datenschutz-row\">\n\t\t<div class=\"col-12\">\n\t\t\t<p><span class=\"wpcf7-form-control-wrap\" data-name=\"datenschutz\"><span class=\"wpcf7-form-control wpcf7-checkbox wpcf7-validates-as-required\" id=\"datenschutz\"><span class=\"wpcf7-list-item first last\"><label><input type=\"checkbox\" name=\"datenschutz[]\" value=\"Je consens au stockage, au traitement et \u00e0 l&#039;utilisation de mes donn\u00e9es personnelles conform\u00e9ment \u00e0 la l\u00e9gislation actuelle sur la protection des donn\u00e9es.*\" \/><span class=\"wpcf7-list-item-label\">Je consens au stockage, au traitement et \u00e0 l&#039;utilisation de mes donn\u00e9es personnelles conform\u00e9ment \u00e0 la l\u00e9gislation actuelle sur la protection des donn\u00e9es.*<\/span><\/label><\/span><\/span><\/span>\n\t\t\t<\/p>\n\t\t<\/div>\n\t<\/div>\n\t<div class=\"row\">\n\t\t<div class=\"col-12\">\n\t\t\t<p><input class=\"wpcf7-form-control wpcf7-submit has-spinner btn button\" type=\"submit\" value=\"Envoyer\" \/>\n\t\t\t<\/p>\n\t\t\t<div style=\"float:right;\">\n\t\t\t\t<p><small>* Champs obligatoires<\/small>\n\t\t\t\t<\/p>\n\t\t\t<\/div>\n\t\t<\/div>\n\t<\/div>\n<\/div><div class=\"wpcf7-response-output\" aria-hidden=\"true\"><\/div>\n<\/form>\n<\/div>\n<\/div>\n\t\t\t\t\t\t<\/div>\n\t\t\t\t\t<\/div>\n\t\t\t\t<\/div>\n\t\t\t\t<\/div>\n\t\t","protected":false},"excerpt":{"rendered":"<p>Parlons-en&#8230; Nous accueillons avec plaisir vos \u00e9loges et votre reconnaissance. Nous sommes \u00e9galement attentifs \u00e0 vos critiques, suggestions d&rsquo;am\u00e9lioration et \u00e0 toute autre communication, et nous nous r\u00e9jouissons de votre message. Kurtalstra\u00dfe 2776887 Bad BergzabernT\u00e9l. 06343 934010Fax 06343 934040E-mail info@suedpfalz-therme.dewww.suedpfalz-therme.de<\/p>\n","protected":false},"author":1,"featured_media":0,"parent":0,"menu_order":200,"comment_status":"closed","ping_status":"closed","template":"modus.php","meta":{"inline_featured_image":false,"footnotes":""},"class_list":["post-4788","page","type-page","status-publish","hentry"],"publishpress_future_action":{"enabled":false,"date":"2026-05-04 18:33:43","action":"change-status","newStatus":"draft","terms":[],"taxonomy":"translation_priority","extraData":[]},"publishpress_future_workflow_manual_trigger":{"enabledWorkflows":[]},"_links":{"self":[{"href":"https:\/\/suedpfalz-therme.de\/fr\/wp-json\/wp\/v2\/pages\/4788","targetHints":{"allow":["GET"]}}],"collection":[{"href":"https:\/\/suedpfalz-therme.de\/fr\/wp-json\/wp\/v2\/pages"}],"about":[{"href":"https:\/\/suedpfalz-therme.de\/fr\/wp-json\/wp\/v2\/types\/page"}],"author":[{"embeddable":true,"href":"https:\/\/suedpfalz-therme.de\/fr\/wp-json\/wp\/v2\/users\/1"}],"replies":[{"embeddable":true,"href":"https:\/\/suedpfalz-therme.de\/fr\/wp-json\/wp\/v2\/comments?post=4788"}],"version-history":[{"count":1,"href":"https:\/\/suedpfalz-therme.de\/fr\/wp-json\/wp\/v2\/pages\/4788\/revisions"}],"predecessor-version":[{"id":5232,"href":"https:\/\/suedpfalz-therme.de\/fr\/wp-json\/wp\/v2\/pages\/4788\/revisions\/5232"}],"wp:attachment":[{"href":"https:\/\/suedpfalz-therme.de\/fr\/wp-json\/wp\/v2\/media?parent=4788"}],"curies":[{"name":"wp","href":"https:\/\/api.w.org\/{rel}","templated":true}]}}