{"id":4803,"date":"2025-12-03T15:46:23","date_gmt":"2025-12-03T14:46:23","guid":{"rendered":"https:\/\/suedpfalz-therme.de\/mentions-legales\/"},"modified":"2026-03-12T14:22:35","modified_gmt":"2026-03-12T13:22:35","slug":"mentions-legales","status":"publish","type":"page","link":"https:\/\/suedpfalz-therme.de\/fr\/mentions-legales\/","title":{"rendered":"Mentions l\u00e9gales"},"content":{"rendered":"\t\t<div data-elementor-type=\"wp-page\" data-elementor-id=\"4803\" class=\"elementor elementor-4803 elementor-2879\" data-elementor-post-type=\"page\">\n\t\t\t\t<section class=\"elementor-element elementor-element-dacb49a modus-slider e-flex e-con-boxed e-con e-parent\" data-id=\"dacb49a\" data-element_type=\"container\" data-e-type=\"container\" data-settings=\"{&quot;background_background&quot;:&quot;classic&quot;}\">\n\t\t\t\t\t<div class=\"e-con-inner\">\n\t\t\t\t\t<\/div>\n\t\t\t\t<\/section>\n\t\t<div class=\"elementor-element elementor-element-b90fb68 e-flex e-con-boxed e-con e-parent\" data-id=\"b90fb68\" data-element_type=\"container\" data-e-type=\"container\">\n\t\t\t\t\t<div class=\"e-con-inner\">\n\t\t\t\t<div class=\"elementor-element elementor-element-59ca41d elementor-widget elementor-widget-heading\" data-id=\"59ca41d\" data-element_type=\"widget\" data-e-type=\"widget\" data-widget_type=\"heading.default\">\n\t\t\t\t\t<h2 class=\"elementor-heading-title elementor-size-default\">Staatsbad Bad Bergzabern GmbH<\/h2>\t\t\t\t<\/div>\n\t\t\t\t<div class=\"elementor-element elementor-element-5210c8f elementor-widget elementor-widget-text-editor\" data-id=\"5210c8f\" data-element_type=\"widget\" data-e-type=\"widget\" data-widget_type=\"text-editor.default\">\n\t\t\t\t\t\t\t\t\t<h3>Thermes du Palatinat du Sud<\/h3><p>Kurtalstra\u00dfe 27<br>76887 Bad Bergzabern<\/p><p>T\u00e9l\u00e9phone : <a href=\"tel:00496343934010\">06343 934010<\/a><br>Fax : <a href=\"fax:00496343934040\">06343 934040<\/a><br>E-mail : <a href=\"mailto:info@suedpfalz-therme.de\">info@suedpfalz-therme.de<\/a><br>Internet : <a href=\"https:\/\/www.suedpfalz-therme.de\" target=\"_blank\" rel=\"noopener\">www.suedpfalz-therme.de<\/a><\/p>\t\t\t\t\t\t\t\t<\/div>\n\t\t\t\t<div class=\"elementor-element elementor-element-9494df6 elementor-widget elementor-widget-text-editor\" data-id=\"9494df6\" data-element_type=\"widget\" data-e-type=\"widget\" data-widget_type=\"text-editor.default\">\n\t\t\t\t\t\t\t\t\t<p>Directrice g\u00e9n\u00e9rale habilit\u00e9e \u00e0 repr\u00e9senter la soci\u00e9t\u00e9 : Sandra Reichenbacher<br>Procuratrice : Christiane Human<br>Tribunal d\u2019enregistrement : Amtsgericht Landau<br>Num\u00e9ro d\u2019enregistrement : HR B 1278<\/p>\t\t\t\t\t\t\t\t<\/div>\n\t\t\t\t<div class=\"elementor-element elementor-element-51972fc elementor-widget elementor-widget-text-editor\" data-id=\"51972fc\" data-element_type=\"widget\" data-e-type=\"widget\" data-widget_type=\"text-editor.default\">\n\t\t\t\t\t\t\t\t\t<p>Num\u00e9ro d\u2019identification de TVA conform\u00e9ment au \u00a7 27 a de la loi sur la taxe sur la valeur ajout\u00e9e :<br>DE 14 89 27 960<\/p>\t\t\t\t\t\t\t\t<\/div>\n\t\t\t\t\t<\/div>\n\t\t\t\t<\/div>\n\t\t<div class=\"elementor-element elementor-element-25419ff e-flex e-con-boxed e-con e-parent\" data-id=\"25419ff\" data-element_type=\"container\" data-e-type=\"container\" data-settings=\"{&quot;background_background&quot;:&quot;classic&quot;}\">\n\t\t\t\t\t<div class=\"e-con-inner\">\n\t\t\t\t<div class=\"elementor-element elementor-element-d6a4a34 elementor-widget elementor-widget-heading\" data-id=\"d6a4a34\" data-element_type=\"widget\" data-e-type=\"widget\" data-widget_type=\"heading.default\">\n\t\t\t\t\t<h2 class=\"elementor-heading-title elementor-size-default\">Clause de non-responsabilit\u00e9<\/h2>\t\t\t\t<\/div>\n\t\t\t\t<div class=\"elementor-element elementor-element-5565c1c elementor-widget elementor-widget-text-editor\" data-id=\"5565c1c\" data-element_type=\"widget\" data-e-type=\"widget\" data-widget_type=\"text-editor.default\">\n\t\t\t\t\t\t\t\t\t<p>Malgr\u00e9 un contr\u00f4le minutieux du contenu, nous n\u2019assumons aucune responsabilit\u00e9 pour le contenu des liens externes. Les op\u00e9rateurs des pages li\u00e9es sont seuls responsables de leur contenu. <\/p><p>Le droit d\u2019auteur pour les objets publi\u00e9s et cr\u00e9\u00e9s par la Staatsbad Bad Bergzabern GmbH elle-m\u00eame reste la propri\u00e9t\u00e9 exclusive de l\u2019auteur respectif. Toute reproduction ou utilisation de ces illustrations, graphiques, documents sonores, s\u00e9quences vid\u00e9o et textes dans d\u2019autres publications \u00e9lectroniques ou imprim\u00e9es n\u2019est pas autoris\u00e9e sans l\u2019accord expr\u00e8s de la Staatsbad Bad Bergzabern GmbH. <\/p>\t\t\t\t\t\t\t\t<\/div>\n\t\t\t\t\t<\/div>\n\t\t\t\t<\/div>\n\t\t<div class=\"elementor-element elementor-element-54c4a5f e-flex e-con-boxed e-con e-parent\" data-id=\"54c4a5f\" data-element_type=\"container\" data-e-type=\"container\">\n\t\t\t\t\t<div class=\"e-con-inner\">\n\t\t\t\t<div class=\"elementor-element elementor-element-986c4de elementor-widget elementor-widget-heading\" data-id=\"986c4de\" data-element_type=\"widget\" data-e-type=\"widget\" data-widget_type=\"heading.default\">\n\t\t\t\t\t<h2 class=\"elementor-heading-title elementor-size-default\">Cr\u00e9dits photos<\/h2>\t\t\t\t<\/div>\n\t\t\t\t<div class=\"elementor-element elementor-element-e48b7e5 elementor-widget elementor-widget-text-editor\" data-id=\"e48b7e5\" data-element_type=\"widget\" data-e-type=\"widget\" data-widget_type=\"text-editor.default\">\n\t\t\t\t\t\t\t\t\t<ul><li>Massage bien-\u00eatre : \u00a9 Adobe Stock | 402878316 volody10<\/li><li>Soins pour lui : \u00a9 Adobe Stock | 284472358 New Africa<\/li><\/ul>\t\t\t\t\t\t\t\t<\/div>\n\t\t\t\t\t<\/div>\n\t\t\t\t<\/div>\n\t\t\t\t<\/div>\n\t\t","protected":false},"excerpt":{"rendered":"<p>Staatsbad Bad Bergzabern GmbH Thermes du Palatinat du Sud Kurtalstra\u00dfe 2776887 Bad Bergzabern T\u00e9l\u00e9phone : 06343 934010Fax : 06343 934040E-mail : info@suedpfalz-therme.deInternet : www.suedpfalz-therme.de Directrice g\u00e9n\u00e9rale habilit\u00e9e \u00e0 repr\u00e9senter la soci\u00e9t\u00e9 : Sandra ReichenbacherProcuratrice : Christiane HumanTribunal d\u2019enregistrement : Amtsgericht LandauNum\u00e9ro d\u2019enregistrement : HR B 1278 Num\u00e9ro d\u2019identification de TVA conform\u00e9ment au \u00a7 27 a&hellip;<\/p>\n","protected":false},"author":1,"featured_media":0,"parent":0,"menu_order":1010,"comment_status":"closed","ping_status":"closed","template":"modus.php","meta":{"inline_featured_image":false,"footnotes":""},"class_list":["post-4803","page","type-page","status-publish","hentry"],"publishpress_future_action":{"enabled":false,"date":"2026-05-04 18:40:51","action":"change-status","newStatus":"draft","terms":[],"taxonomy":"translation_priority","extraData":[]},"publishpress_future_workflow_manual_trigger":{"enabledWorkflows":[]},"_links":{"self":[{"href":"https:\/\/suedpfalz-therme.de\/fr\/wp-json\/wp\/v2\/pages\/4803","targetHints":{"allow":["GET"]}}],"collection":[{"href":"https:\/\/suedpfalz-therme.de\/fr\/wp-json\/wp\/v2\/pages"}],"about":[{"href":"https:\/\/suedpfalz-therme.de\/fr\/wp-json\/wp\/v2\/types\/page"}],"author":[{"embeddable":true,"href":"https:\/\/suedpfalz-therme.de\/fr\/wp-json\/wp\/v2\/users\/1"}],"replies":[{"embeddable":true,"href":"https:\/\/suedpfalz-therme.de\/fr\/wp-json\/wp\/v2\/comments?post=4803"}],"version-history":[{"count":1,"href":"https:\/\/suedpfalz-therme.de\/fr\/wp-json\/wp\/v2\/pages\/4803\/revisions"}],"predecessor-version":[{"id":5239,"href":"https:\/\/suedpfalz-therme.de\/fr\/wp-json\/wp\/v2\/pages\/4803\/revisions\/5239"}],"wp:attachment":[{"href":"https:\/\/suedpfalz-therme.de\/fr\/wp-json\/wp\/v2\/media?parent=4803"}],"curies":[{"name":"wp","href":"https:\/\/api.w.org\/{rel}","templated":true}]}}