{"id":4806,"date":"2025-12-03T15:46:43","date_gmt":"2025-12-03T14:46:43","guid":{"rendered":"https:\/\/suedpfalz-therme.de\/etiquette\/"},"modified":"2026-03-12T14:21:21","modified_gmt":"2026-03-12T13:21:21","slug":"etiquette","status":"publish","type":"page","link":"https:\/\/suedpfalz-therme.de\/fr\/etiquette\/","title":{"rendered":"\u00c9tiquette"},"content":{"rendered":"\t\t<div data-elementor-type=\"wp-page\" data-elementor-id=\"4806\" class=\"elementor elementor-4806 elementor-2881\" data-elementor-post-type=\"page\">\n\t\t\t\t<section class=\"elementor-element elementor-element-0263227 modus-slider e-flex e-con-boxed e-con e-parent\" data-id=\"0263227\" data-element_type=\"container\" data-e-type=\"container\" data-settings=\"{&quot;background_background&quot;:&quot;classic&quot;}\">\n\t\t\t\t\t<div class=\"e-con-inner\">\n\t\t\t\t\t<\/div>\n\t\t\t\t<\/section>\n\t\t<div class=\"elementor-element elementor-element-7d8554f e-flex e-con-boxed e-con e-parent\" data-id=\"7d8554f\" data-element_type=\"container\" data-e-type=\"container\">\n\t\t\t\t\t<div class=\"e-con-inner\">\n\t\t\t\t<div class=\"elementor-element elementor-element-e238c8b h2 elementor-widget elementor-widget-heading\" data-id=\"e238c8b\" data-element_type=\"widget\" data-e-type=\"widget\" data-widget_type=\"heading.default\">\n\t\t\t\t\t<h2 class=\"elementor-heading-title elementor-size-default\">Le bien-\u00eatre commence par le respect d'autrui<\/h2>\t\t\t\t<\/div>\n\t\t\t\t<div class=\"elementor-element elementor-element-76012b7 elementor-widget elementor-widget-text-editor\" data-id=\"76012b7\" data-element_type=\"widget\" data-e-type=\"widget\" data-widget_type=\"text-editor.default\">\n\t\t\t\t\t\t\t\t\t<p>Notre \u00e9tiquette cr\u00e9e un cadre attentif pour des heures de d\u00e9tente aux Thermes du Palatinat du Sud.<\/p>\t\t\t\t\t\t\t\t<\/div>\n\t\t\t\t\t<\/div>\n\t\t\t\t<\/div>\n\t\t<div class=\"elementor-element elementor-element-dac5b2f e-flex e-con-boxed e-con e-parent\" data-id=\"dac5b2f\" data-element_type=\"container\" data-e-type=\"container\">\n\t\t\t\t\t<div class=\"e-con-inner\">\n\t\t\t\t<div class=\"elementor-element elementor-element-c5f583b h2 elementor-widget elementor-widget-heading\" data-id=\"c5f583b\" data-element_type=\"widget\" data-e-type=\"widget\" data-widget_type=\"heading.default\">\n\t\t\t\t\t<h2 class=\"elementor-heading-title elementor-size-default\">R\u00e8glement int\u00e9rieur et de baignade \n<\/h2>\t\t\t\t<\/div>\n\t\t\t\t<div class=\"elementor-element elementor-element-32ad596 elementor-widget elementor-widget-html\" data-id=\"32ad596\" data-element_type=\"widget\" data-e-type=\"widget\" data-widget_type=\"html.default\">\n\t\t\t\t\t<ol class=\"datenschutz etikette\" style=\"list-style-type:none; padding-left:0;\">\n\t<li>\n\t\t<h3>\u00a7 1 Caract\u00e8re obligatoire et objet<\/h3>\n\t\t<p>Les conditions g\u00e9n\u00e9rales et le r\u00e8glement int\u00e9rieur sont obligatoires pour tous les clients. Les Thermes du Palatinat du Sud sont un \u00e9tablissement con\u00e7u pour offrir \u00e0 chaque client un maximum de repos et de d\u00e9tente. Ce r\u00e8glement int\u00e9rieur vise \u00e9galement \u00e0 garantir la s\u00e9curit\u00e9, l\u2019ordre et la propret\u00e9. En entrant aux Thermes du Palatinat du Sud, en acqu\u00e9rant le droit d\u2019acc\u00e8s et en recevant le transpondeur, le client s\u2019engage \u00e0 accepter ce r\u00e8glement int\u00e9rieur ainsi que les conditions g\u00e9n\u00e9rales affich\u00e9es.   <\/p>\n\t<\/li>\n\t<li>\n\t\t<h3>\u00a7 2 G\u00e9n\u00e9ralit\u00e9s<\/h3>\n\t\t<ol>\n\t\t    <li>Pour des raisons de s\u00e9curit\u00e9, certaines zones sont surveill\u00e9es par cam\u00e9ra (zone des caisses, grande piscine ext\u00e9rieure, bassin d\u2019activit\u00e9s et entr\u00e9e du sauna).<\/li>\n\t\t    <li>Chaque client doit faire preuve d\u2019une prudence accrue face aux dangers typiques d\u2019un \u00e9tablissement de baignade et de sauna.<\/li>\n\t\t    <li>Toutes les installations doivent \u00eatre trait\u00e9es avec soin.<\/li>\n\t\t    <li>Comportez-vous de mani\u00e8re \u00e0 ne pas nuire, mettre en danger, g\u00eaner ou importuner autrui plus que les circonstances ne le rendent in\u00e9vitable. Abstenez-vous de tout ce qui est contraire aux bonnes m\u0153urs, au maintien de la s\u00e9curit\u00e9, de la propret\u00e9, du calme et de l\u2019ordre. Les actes et repr\u00e9sentations \u00e0 caract\u00e8re sexuel sont interdits.  <\/li>\n\t\t    <li>Dans les salles de repos, comportez-vous avec consid\u00e9ration et calme ; dans les salles de repos silencieuses, il est interdit de manger et de boire, et les bruits sont \u00e0 \u00e9viter.<\/li>\n\t\t    <li>Il est interdit d\u2019utiliser des t\u00e9l\u00e9phones portables, des instruments de musique, des appareils de lecture audio ou vid\u00e9o et d\u2019autres m\u00e9dias ; la photographie et le film de personnes sont interdits.<\/li>\n\t\t    <li>Les chaises longues et les si\u00e8ges ne doivent \u00eatre utilis\u00e9s qu\u2019avec une serviette de bain suffisamment grande et ne doivent pas \u00eatre occup\u00e9s en permanence avec des serviettes, des sacs ou d\u2019autres objets. Les objets laiss\u00e9s sur les chaises longues et les si\u00e8ges peuvent \u00eatre retir\u00e9s par le personnel ou d\u2019autres clients si n\u00e9cessaire. <\/li>\n\t\t    <li>Les personnes qui ne peuvent pas se d\u00e9placer en toute s\u00e9curit\u00e9 sans aide ext\u00e9rieure ne sont autoris\u00e9es \u00e0 utiliser les installations qu\u2019accompagn\u00e9es d\u2019une personne responsable appropri\u00e9e.<\/li>\n\t\t    <li>L\u2019acc\u00e8s est autoris\u00e9 aux enfants et adolescents jusqu\u2019\u00e0 15 ans uniquement s\u2019ils sont accompagn\u00e9s d\u2019un adulte.<\/li>\n\t\t    <li>Il est permis de fumer uniquement dans la zone d\u00e9sign\u00e9e \u00e0 l\u2019ext\u00e9rieur des thermes. Le sauna est une zone non-fumeur. La consommation de cannabis et de stup\u00e9fiants ill\u00e9gaux est interdite sur l\u2019ensemble du site \u00e0 tout moment.  <\/li>\n\t\t    <li>L\u2019acc\u00e8s est interdit aux personnes sous l\u2019influence de substances enivrantes, ou elles peuvent \u00eatre expuls\u00e9es de l\u2019\u00e9tablissement.<\/li>\n\t\t    <li>Les repas et les boissons ne peuvent \u00eatre consomm\u00e9s que dans les espaces de restauration pr\u00e9vus \u00e0 cet effet. Il est interdit d\u2019apporter des aliments et des boissons alcoolis\u00e9es. Les r\u00e9cipients fragiles tels que le verre, la c\u00e9ramique et similaires ne doivent pas \u00eatre introduits.  <\/li>\n\t\t    <li>Le rasage, la manucure et la p\u00e9dicure, la coloration et la teinture des cheveux ne sont pas autoris\u00e9s.<\/li>\n\t\t<\/ol>\n\t<\/li>\n\t<li>\n\t\t<h3>\u00a7 3 Thermes<\/h3>\n        <ol>\n            <li>Aux thermes, le maillot de bain habituel doit \u00eatre port\u00e9 (le \u00ab topless \u00bb pour les femmes n\u2019est pas autoris\u00e9).<\/li>\n            <li>Les zones pieds nus, les douches et la piscine ne doivent pas \u00eatre foul\u00e9es avec des chaussures de ville. Les chariots et sacs \u00e0 roulettes ne sont pas autoris\u00e9s dans les zones pieds nus pour des raisons d\u2019hygi\u00e8ne. <\/li>\n            <li>Les installations de baignade ne doivent \u00eatre utilis\u00e9es qu\u2019apr\u00e8s un nettoyage corporel approfondi. L\u2019utilisation de savon et d\u2019autres produits de nettoyage corporel en dehors des douches n\u2019est pas autoris\u00e9e. <\/li>\n            <li>L\u2019acc\u00e8s aux plans d\u2019eau ne doit se faire que par les acc\u00e8s pr\u00e9vus \u00e0 cet effet. Il est interdit de sauter lat\u00e9ralement. <\/li>\n            <li>L\u2019utilisation d\u2019\u00e9quipements sportifs et de jeux n\u2019est pas autoris\u00e9e.<\/li>\n            <li>La baignade se termine 20 minutes avant l\u2019heure de fermeture.<\/li>\n        <\/ol>\n\t<\/li>\n\t<li>\n\t\t<h3>\u00a7 4 Sauna<\/h3>\n        <ol>\n            <li>L\u2019espace sauna est une zone naturiste. Cela ne s\u2019applique pas \u00e0 la zone de restauration. Veuillez y porter un peignoir.  <\/li>\n            <li>L\u2019espace sauna ne doit pas \u00eatre foul\u00e9 avec des chaussures de ville. Les chariots et sacs \u00e0 roulettes ne sont pas autoris\u00e9s dans les zones pieds nus pour des raisons d\u2019hygi\u00e8ne. <\/li>\n            <li>Les installations de sauna ne doivent \u00eatre utilis\u00e9es qu\u2019apr\u00e8s un nettoyage corporel approfondi. L\u2019utilisation de savon et d\u2019autres produits de nettoyage corporel en dehors des douches n\u2019est pas autoris\u00e9e. <\/li>\n            <li>Dans les cabines de sudation, il ne faut emporter qu\u2019une serviette de bain ou un tapis de si\u00e8ge. Les chaussures de bain ne doivent pas \u00eatre port\u00e9es. <\/li>\n            <li>Par \u00e9gard mutuel, nous vous prions de respecter le calme, en particulier dans les cabines chauffantes et les zones de repos.<\/li>\n            <li>L\u2019utilisation de vos propres essences de diffusion apport\u00e9es dans l\u2019espace sauna est interdite. La r\u00e9alisation de diffusions est exclusivement r\u00e9serv\u00e9e au personnel des Thermes du Palatinat du Sud. Lors des diffusions, des huiles essentielles de haute qualit\u00e9 sont utilis\u00e9es. En cas de grossesse ou avec de jeunes enfants, si vous \u00eates \u00e9pileptique, ou en cas d\u2019allergies ou de maladies respiratoires, veuillez consulter votre m\u00e9decin au pr\u00e9alable.   <\/li>\n            <li>L\u2019acc\u00e8s au sauna pour femmes est interdit aux gar\u00e7ons de plus de 6 ans.<\/li>\n            <li>Veuillez quitter l\u2019espace sauna 15 minutes avant l\u2019heure de fermeture.<\/li>\n        <\/ol>\n\t<\/li>\n\t<li>\n\t\t<h3>\u00a7 5 Grotte de sel<\/h3>\n        <ol>\n            <li>Entrez dans la grotte de sel avec des v\u00eatements secs et confortables. Portez les surchaussures fournies. <\/li>\n            <li>Dans l\u2019int\u00e9r\u00eat de tous les clients, veuillez \u00e9viter les parfums et d\u00e9odorants forts, car ils peuvent irriter les voies respiratoires.<\/li>\n            <li>Veuillez ne pas toucher les murs et les plafonds.<\/li>\n            <li>Manger, boire, t\u00e9l\u00e9phoner et photographier, ainsi que l\u2019utilisation de tout appareil \u00e9lectronique, sont strictement interdits dans la grotte de sel.<\/li>\n            <li>Il est interdit de d\u00e9placer les chaises longues de repos.<\/li>\n            <li>Dans l\u2019int\u00e9r\u00eat de tous les clients en qu\u00eate de d\u00e9tente, nous vous prions de maintenir le calme pendant votre s\u00e9jour.<\/li>\n            <li>Veillez \u00e0 ce que vos enfants ne jettent pas d\u2019objets sur les murs et le plafond et ne les touchent pas.<\/li>\n            <li>Les briques de sel au sol sont prot\u00e9g\u00e9es par une couche de sel en vrac. Veillez \u00e0 ce que vos enfants ne mettent pas ce sel dans leur bouche ou ne le jettent pas, le contact avec les yeux peut \u00eatre nocif. <\/li>\n        <\/ol>\n\t<\/li>\n<\/ol>\n\n<p>Votre \u00e9quipe des Thermes du Palatinat du Sud vous souhaite un s\u00e9jour reposant et agr\u00e9able.<\/p>\t\t\t\t<\/div>\n\t\t\t\t\t<\/div>\n\t\t\t\t<\/div>\n\t\t\t\t<\/div>\n\t\t","protected":false},"excerpt":{"rendered":"<p>Le bien-\u00eatre commence par le respect d&rsquo;autrui Notre \u00e9tiquette cr\u00e9e un cadre attentif pour des heures de d\u00e9tente aux Thermes du Palatinat du Sud. R\u00e8glement int\u00e9rieur et de baignade \u00a7 1 Caract\u00e8re obligatoire et objet Les conditions g\u00e9n\u00e9rales et le r\u00e8glement int\u00e9rieur sont obligatoires pour tous les clients. Les Thermes du Palatinat du Sud sont&hellip;<\/p>\n","protected":false},"author":1,"featured_media":0,"parent":0,"menu_order":1030,"comment_status":"closed","ping_status":"closed","template":"modus.php","meta":{"inline_featured_image":false,"footnotes":""},"class_list":["post-4806","page","type-page","status-publish","hentry"],"publishpress_future_action":{"enabled":false,"date":"2026-05-04 17:26:38","action":"change-status","newStatus":"draft","terms":[],"taxonomy":"translation_priority","extraData":[]},"publishpress_future_workflow_manual_trigger":{"enabledWorkflows":[]},"_links":{"self":[{"href":"https:\/\/suedpfalz-therme.de\/fr\/wp-json\/wp\/v2\/pages\/4806","targetHints":{"allow":["GET"]}}],"collection":[{"href":"https:\/\/suedpfalz-therme.de\/fr\/wp-json\/wp\/v2\/pages"}],"about":[{"href":"https:\/\/suedpfalz-therme.de\/fr\/wp-json\/wp\/v2\/types\/page"}],"author":[{"embeddable":true,"href":"https:\/\/suedpfalz-therme.de\/fr\/wp-json\/wp\/v2\/users\/1"}],"replies":[{"embeddable":true,"href":"https:\/\/suedpfalz-therme.de\/fr\/wp-json\/wp\/v2\/comments?post=4806"}],"version-history":[{"count":1,"href":"https:\/\/suedpfalz-therme.de\/fr\/wp-json\/wp\/v2\/pages\/4806\/revisions"}],"predecessor-version":[{"id":5243,"href":"https:\/\/suedpfalz-therme.de\/fr\/wp-json\/wp\/v2\/pages\/4806\/revisions\/5243"}],"wp:attachment":[{"href":"https:\/\/suedpfalz-therme.de\/fr\/wp-json\/wp\/v2\/media?parent=4806"}],"curies":[{"name":"wp","href":"https:\/\/api.w.org\/{rel}","templated":true}]}}