{"id":4835,"date":"2025-12-03T15:45:04","date_gmt":"2025-12-03T14:45:04","guid":{"rendered":"https:\/\/suedpfalz-therme.de\/information\/emplois\/"},"modified":"2026-03-12T11:54:28","modified_gmt":"2026-03-12T10:54:28","slug":"emplois","status":"publish","type":"page","link":"https:\/\/suedpfalz-therme.de\/fr\/information\/emplois\/","title":{"rendered":"Emplois"},"content":{"rendered":"\t\t<div data-elementor-type=\"wp-page\" data-elementor-id=\"4835\" class=\"elementor elementor-4835 elementor-2873\" data-elementor-post-type=\"page\">\n\t\t\t\t<section class=\"elementor-element elementor-element-a91b25f modus-slider e-flex e-con-boxed e-con e-parent\" data-id=\"a91b25f\" data-element_type=\"container\" data-e-type=\"container\" data-settings=\"{&quot;background_background&quot;:&quot;classic&quot;}\">\n\t\t\t\t\t<div class=\"e-con-inner\">\n\t\t\t\t\t<\/div>\n\t\t\t\t<\/section>\n\t\t<div class=\"elementor-element elementor-element-219b0ff e-flex e-con-boxed e-con e-parent\" data-id=\"219b0ff\" data-element_type=\"container\" data-e-type=\"container\" data-settings=\"{&quot;background_background&quot;:&quot;classic&quot;}\">\n\t\t\t\t\t<div class=\"e-con-inner\">\n\t\t\t\t<div class=\"elementor-element elementor-element-2c4075f elementor-widget elementor-widget-text-editor\" data-id=\"2c4075f\" data-element_type=\"widget\" data-e-type=\"widget\" data-widget_type=\"text-editor.default\">\n\t\t\t\t\t\t\t\t\t<p>Rejoignez notre \u00e9quipe et prenez plaisir \u00e0 ce que nos clients se sentent bien chez nous. <\/p>\t\t\t\t\t\t\t\t<\/div>\n\t\t\t\t<div class=\"elementor-element elementor-element-6cad5e3 elementor-widget elementor-widget-spacer\" data-id=\"6cad5e3\" data-element_type=\"widget\" data-e-type=\"widget\" data-widget_type=\"spacer.default\">\n\t\t\t\t\t\t\t<div class=\"elementor-spacer\">\n\t\t\t<div class=\"elementor-spacer-inner\"><\/div>\n\t\t<\/div>\n\t\t\t\t\t\t<\/div>\n\t\t\t\t<div class=\"elementor-element elementor-element-8f45a1f h2 elementor-widget elementor-widget-heading\" data-id=\"8f45a1f\" data-element_type=\"widget\" data-e-type=\"widget\" data-widget_type=\"heading.default\">\n\t\t\t\t\t<h2 class=\"elementor-heading-title elementor-size-default\">Offres d'emploi actuelles<\/h2>\t\t\t\t<\/div>\n\t\t\t\t\t<\/div>\n\t\t\t\t<\/div>\n\t\t<div class=\"elementor-element elementor-element-806c677 e-grid e-con-boxed e-con e-parent\" data-id=\"806c677\" data-element_type=\"container\" data-e-type=\"container\" data-settings=\"{&quot;background_background&quot;:&quot;classic&quot;}\">\n\t\t\t\t\t<div class=\"e-con-inner\">\n\t\t<div class=\"elementor-element elementor-element-c9dc7e8 e-con-full e-flex e-con e-child\" data-id=\"c9dc7e8\" data-element_type=\"container\" data-e-type=\"container\">\n\t\t<div class=\"elementor-element elementor-element-ab1caa6 e-con-full e-flex e-con e-child\" data-id=\"ab1caa6\" data-element_type=\"container\" data-e-type=\"container\">\n\t\t\t\t<div class=\"elementor-element elementor-element-f7c167c elementor-widget elementor-widget-n-accordion\" data-id=\"f7c167c\" data-element_type=\"widget\" data-e-type=\"widget\" data-settings=\"{&quot;default_state&quot;:&quot;all_collapsed&quot;,&quot;n_accordion_animation_duration&quot;:{&quot;unit&quot;:&quot;ms&quot;,&quot;size&quot;:300,&quot;sizes&quot;:[]},&quot;max_items_expended&quot;:&quot;one&quot;}\" data-widget_type=\"nested-accordion.default\">\n\t\t\t\t\t\t\t<div class=\"e-n-accordion\" aria-label=\"Accordion. Open links with Enter or Space, close with Escape, and navigate with Arrow Keys\">\n\t\t\t\t\t\t<details id=\"e-n-accordion-item-2590\" class=\"e-n-accordion-item\" >\n\t\t\t\t<summary class=\"e-n-accordion-item-title\" data-accordion-index=\"1\" tabindex=\"0\" aria-expanded=\"false\" aria-controls=\"e-n-accordion-item-2590\" >\n\t\t\t\t\t<span class='e-n-accordion-item-title-header'><div class=\"e-n-accordion-item-title-text\"> Formation d'employ\u00e9 sp\u00e9cialis\u00e9 en piscines <\/div><\/span>\n\t\t\t\t\t\t\t<span class='e-n-accordion-item-title-icon'>\n\t\t\t<span class='e-opened' ><svg aria-hidden=\"true\" class=\"e-font-icon-svg e-fas-minus\" viewBox=\"0 0 448 512\" xmlns=\"http:\/\/www.w3.org\/2000\/svg\"><path d=\"M416 208H32c-17.67 0-32 14.33-32 32v32c0 17.67 14.33 32 32 32h384c17.67 0 32-14.33 32-32v-32c0-17.67-14.33-32-32-32z\"><\/path><\/svg><\/span>\n\t\t\t<span class='e-closed'><svg aria-hidden=\"true\" class=\"e-font-icon-svg e-fas-plus\" viewBox=\"0 0 448 512\" xmlns=\"http:\/\/www.w3.org\/2000\/svg\"><path d=\"M416 208H272V64c0-17.67-14.33-32-32-32h-32c-17.67 0-32 14.33-32 32v144H32c-17.67 0-32 14.33-32 32v32c0 17.67 14.33 32 32 32h144v144c0 17.67 14.33 32 32 32h32c17.67 0 32-14.33 32-32V304h144c17.67 0 32-14.33 32-32v-32c0-17.67-14.33-32-32-32z\"><\/path><\/svg><\/span>\n\t\t<\/span>\n\n\t\t\t\t\t\t<\/summary>\n\t\t\t\t<div role=\"region\" aria-labelledby=\"e-n-accordion-item-2590\" class=\"elementor-element elementor-element-69034a5 e-con-full e-flex e-con e-child\" data-id=\"69034a5\" data-element_type=\"container\" data-e-type=\"container\">\n\t\t\t\t<div class=\"elementor-element elementor-element-3d6889a elementor-widget elementor-widget-button\" data-id=\"3d6889a\" data-element_type=\"widget\" data-e-type=\"widget\" data-widget_type=\"button.default\">\n\t\t\t\t\t\t\t\t\t\t<a class=\"elementor-button elementor-button-link elementor-size-sm\" href=\"https:\/\/suedpfalz-therme.de\/ausbildung-zum-fachangestellten-fuer-baederbetriebe\/\" target=\"_blank\">\n\t\t\t\t\t\t<span class=\"elementor-button-content-wrapper\">\n\t\t\t\t\t\t\t\t\t<span class=\"elementor-button-text\">Plus d'informations<\/span>\n\t\t\t\t\t<\/span>\n\t\t\t\t\t<\/a>\n\t\t\t\t\t\t\t\t<\/div>\n\t\t\t\t<\/div>\n\t\t\t\t\t<\/details>\n\t\t\t\t\t\t<details id=\"e-n-accordion-item-2591\" class=\"e-n-accordion-item\" >\n\t\t\t\t<summary class=\"e-n-accordion-item-title\" data-accordion-index=\"2\" tabindex=\"-1\" aria-expanded=\"false\" aria-controls=\"e-n-accordion-item-2591\" >\n\t\t\t\t\t<span class='e-n-accordion-item-title-header'><div class=\"e-n-accordion-item-title-text\"> Kin\u00e9sith\u00e9rapeute \/ Masseur\u00b7euse m\u00e9d. Ma\u00eetre\u00b7sse de bain<br><small>\u00e0 temps plein ou temps partiel<\/small> <\/div><\/span>\n\t\t\t\t\t\t\t<span class='e-n-accordion-item-title-icon'>\n\t\t\t<span class='e-opened' ><svg aria-hidden=\"true\" class=\"e-font-icon-svg e-fas-minus\" viewBox=\"0 0 448 512\" xmlns=\"http:\/\/www.w3.org\/2000\/svg\"><path d=\"M416 208H32c-17.67 0-32 14.33-32 32v32c0 17.67 14.33 32 32 32h384c17.67 0 32-14.33 32-32v-32c0-17.67-14.33-32-32-32z\"><\/path><\/svg><\/span>\n\t\t\t<span class='e-closed'><svg aria-hidden=\"true\" class=\"e-font-icon-svg e-fas-plus\" viewBox=\"0 0 448 512\" xmlns=\"http:\/\/www.w3.org\/2000\/svg\"><path d=\"M416 208H272V64c0-17.67-14.33-32-32-32h-32c-17.67 0-32 14.33-32 32v144H32c-17.67 0-32 14.33-32 32v32c0 17.67 14.33 32 32 32h144v144c0 17.67 14.33 32 32 32h32c17.67 0 32-14.33 32-32V304h144c17.67 0 32-14.33 32-32v-32c0-17.67-14.33-32-32-32z\"><\/path><\/svg><\/span>\n\t\t<\/span>\n\n\t\t\t\t\t\t<\/summary>\n\t\t\t\t<div role=\"region\" aria-labelledby=\"e-n-accordion-item-2591\" class=\"elementor-element elementor-element-cc604f9 e-con-full e-flex e-con e-child\" data-id=\"cc604f9\" data-element_type=\"container\" data-e-type=\"container\">\n\t\t\t\t<div class=\"elementor-element elementor-element-38e482f elementor-widget elementor-widget-text-editor\" data-id=\"38e482f\" data-element_type=\"widget\" data-e-type=\"widget\" data-widget_type=\"text-editor.default\">\n\t\t\t\t\t\t\t\t\t<p><strong>Vos missions :<\/strong><\/p><ul><li>R\u00e9alisation de soins issus de notre vaste offre de kin\u00e9sith\u00e9rapie<\/li><li>Massages classiques et nombreux massages sp\u00e9cialis\u00e9s<\/li><li>Gymnastique m\u00e9dicale en eau thermale, cours de pr\u00e9vention et entra\u00eenement fonctionnel<\/li><li>Bains et enveloppements, applications de chaleur et de froid<\/li><\/ul>\t\t\t\t\t\t\t\t<\/div>\n\t\t\t\t<div class=\"elementor-element elementor-element-e2e90ee elementor-widget elementor-widget-text-editor\" data-id=\"e2e90ee\" data-element_type=\"widget\" data-e-type=\"widget\" data-widget_type=\"text-editor.default\">\n\t\t\t\t\t\t\t\t\t<p><strong>Vos atouts :<\/strong><\/p><ul><li>Formation achev\u00e9e de kin\u00e9sith\u00e9rapeute ou masseur\u00b7euse m\u00e9d. ma\u00eetre\u00b7sse de bain<\/li><li>Plaisir du contact avec les personnes<\/li><li>Sens prononc\u00e9 du service<\/li><li>Sens des responsabilit\u00e9s<\/li><li>Travail autonome et esprit d&rsquo;\u00e9quipe<\/li><\/ul>\t\t\t\t\t\t\t\t<\/div>\n\t\t\t\t<\/div>\n\t\t\t\t\t<\/details>\n\t\t\t\t\t\t<details id=\"e-n-accordion-item-2592\" class=\"e-n-accordion-item\" >\n\t\t\t\t<summary class=\"e-n-accordion-item-title\" data-accordion-index=\"3\" tabindex=\"-1\" aria-expanded=\"false\" aria-controls=\"e-n-accordion-item-2592\" >\n\t\t\t\t\t<span class='e-n-accordion-item-title-header'><div class=\"e-n-accordion-item-title-text\"> Employ\u00e9\u00b7e sp\u00e9cialis\u00e9\u00b7e pour \u00e9tablissements de bains ou ma\u00eetre-nageur\u00b7euse sauveteur\u00b7euse<br><small>\u00e0 temps plein \/ temps partiel ou mini-job, volontiers aussi en reconversion avec brevet de sauvetage<\/small> <\/div><\/span>\n\t\t\t\t\t\t\t<span class='e-n-accordion-item-title-icon'>\n\t\t\t<span class='e-opened' ><svg aria-hidden=\"true\" class=\"e-font-icon-svg e-fas-minus\" viewBox=\"0 0 448 512\" xmlns=\"http:\/\/www.w3.org\/2000\/svg\"><path d=\"M416 208H32c-17.67 0-32 14.33-32 32v32c0 17.67 14.33 32 32 32h384c17.67 0 32-14.33 32-32v-32c0-17.67-14.33-32-32-32z\"><\/path><\/svg><\/span>\n\t\t\t<span class='e-closed'><svg aria-hidden=\"true\" class=\"e-font-icon-svg e-fas-plus\" viewBox=\"0 0 448 512\" xmlns=\"http:\/\/www.w3.org\/2000\/svg\"><path d=\"M416 208H272V64c0-17.67-14.33-32-32-32h-32c-17.67 0-32 14.33-32 32v144H32c-17.67 0-32 14.33-32 32v32c0 17.67 14.33 32 32 32h144v144c0 17.67 14.33 32 32 32h32c17.67 0 32-14.33 32-32V304h144c17.67 0 32-14.33 32-32v-32c0-17.67-14.33-32-32-32z\"><\/path><\/svg><\/span>\n\t\t<\/span>\n\n\t\t\t\t\t\t<\/summary>\n\t\t\t\t<div role=\"region\" aria-labelledby=\"e-n-accordion-item-2592\" class=\"elementor-element elementor-element-aae27a9 e-con-full e-flex e-con e-child\" data-id=\"aae27a9\" data-element_type=\"container\" data-e-type=\"container\">\n\t\t\t\t<div class=\"elementor-element elementor-element-fa3cca0 elementor-widget elementor-widget-text-editor\" data-id=\"fa3cca0\" data-element_type=\"widget\" data-e-type=\"widget\" data-widget_type=\"text-editor.default\">\n\t\t\t\t\t\t\t\t\t<p><strong>Vos missions :<\/strong><\/p><ul><li>Assurer la s\u00e9curit\u00e9 des clients des bains et du sauna<\/li><li>Travaux de nettoyage l\u00e9gers<\/li><li>Accueil des clients<\/li><li>Animation d&rsquo;aquagym et de s\u00e9ances de sauna<\/li><\/ul>\t\t\t\t\t\t\t\t<\/div>\n\t\t\t\t<div class=\"elementor-element elementor-element-c53fc72 elementor-widget elementor-widget-text-editor\" data-id=\"c53fc72\" data-element_type=\"widget\" data-e-type=\"widget\" data-widget_type=\"text-editor.default\">\n\t\t\t\t\t\t\t\t\t<p><strong>Vos atouts :<\/strong><\/p><ul><li>Plaisir du contact avec les personnes<\/li><li>Sens prononc\u00e9 du service<\/li><li>Formation achev\u00e9e d&#8217;employ\u00e9\u00b7e sp\u00e9cialis\u00e9\u00b7e pour \u00e9tablissements de bains ou ma\u00eetre-nageur\u00b7euse sauveteur\u00b7euse (brevet de sauvetage argent et premiers secours)<\/li><li>Disponibilit\u00e9 pour le travail post\u00e9, y compris les week-ends et jours f\u00e9ri\u00e9s<\/li><\/ul>\t\t\t\t\t\t\t\t<\/div>\n\t\t\t\t<\/div>\n\t\t\t\t\t<\/details>\n\t\t\t\t\t<\/div>\n\t\t\t\t\t\t<\/div>\n\t\t\t\t<\/div>\n\t\t\t\t<\/div>\n\t\t<div class=\"elementor-element elementor-element-1b6b652 e-con-full e-grid e-con e-child\" data-id=\"1b6b652\" data-element_type=\"container\" data-e-type=\"container\">\n\t\t<div class=\"elementor-element elementor-element-15618a0 e-con-full e-flex e-con e-child\" data-id=\"15618a0\" data-element_type=\"container\" data-e-type=\"container\">\n\t\t\t\t<div class=\"elementor-element elementor-element-8096f31 elementor-widget elementor-widget-heading\" data-id=\"8096f31\" data-element_type=\"widget\" data-e-type=\"widget\" data-widget_type=\"heading.default\">\n\t\t\t\t\t<h3 class=\"elementor-heading-title elementor-size-default\">Nous vous offrons<\/h3>\t\t\t\t<\/div>\n\t\t\t\t<div class=\"elementor-element elementor-element-5838b2f elementor-widget elementor-widget-text-editor\" data-id=\"5838b2f\" data-element_type=\"widget\" data-e-type=\"widget\" data-widget_type=\"text-editor.default\">\n\t\t\t\t\t\t\t\t\t<ul><li>Une activit\u00e9 vari\u00e9e et responsable<\/li><li>Des hi\u00e9rarchies plates et des circuits de d\u00e9cision courts<\/li><li>Une \u00e9quipe motiv\u00e9e et un climat d&rsquo;entreprise convivial <\/li><li>Possibilit\u00e9s de formation initiale et continue<\/li><li>Un emploi stable dans un cadre agr\u00e9able<\/li><li>Majorations pour les dimanches et jours f\u00e9ri\u00e9s<\/li><li>Pr\u00e9voyance vieillesse d&rsquo;entreprise<\/li><li>Acc\u00e8s gratuit aux thermes, au sauna et \u00e0 la grotte de sel<\/li><li>R\u00e9duction sur la participation aux cours internes et sur les achats \u00e0 la boutique ainsi qu&rsquo;\u00e0 la restauration<\/li><\/ul>\t\t\t\t\t\t\t\t<\/div>\n\t\t\t\t<\/div>\n\t\t<div class=\"elementor-element elementor-element-332bb8e e-con-full e-flex e-con e-child\" data-id=\"332bb8e\" data-element_type=\"container\" data-e-type=\"container\">\n\t\t\t\t<div class=\"elementor-element elementor-element-8d94baf elementor-widget elementor-widget-heading\" data-id=\"8d94baf\" data-element_type=\"widget\" data-e-type=\"widget\" data-widget_type=\"heading.default\">\n\t\t\t\t\t<h3 class=\"elementor-heading-title elementor-size-default\">Avons-nous \u00e9veill\u00e9 votre int\u00e9r\u00eat ? <br>Nous nous r\u00e9jouissons de recevoir votre candidature - volontiers aussi par t\u00e9l\u00e9phone au pr\u00e9alable :<\/h3>\t\t\t\t<\/div>\n\t\t\t\t<div class=\"elementor-element elementor-element-578e646 elementor-widget elementor-widget-text-editor\" data-id=\"578e646\" data-element_type=\"widget\" data-e-type=\"widget\" data-widget_type=\"text-editor.default\">\n\t\t\t\t\t\t\t\t\t<p><strong>Staatsbad Bad Bergzabern GmbH<\/strong><br>S\u00fcdpfalz Therme<br>Christiane Human<br>Kurtalstra\u00dfe 27<br>76887 Bad Bergzabern<br>T\u00e9l. <a href=\"tel:00496343934014\">06343 934014<\/a><br>E-mail : <a href=\"mailto:christiane.human@suedpfalz-therme.de\">christiane.human@suedpfalz-therme.de<\/a><\/p>\t\t\t\t\t\t\t\t<\/div>\n\t\t\t\t<div class=\"elementor-element elementor-element-e6e8c93 elementor-widget elementor-widget-button\" data-id=\"e6e8c93\" data-element_type=\"widget\" data-e-type=\"widget\" data-widget_type=\"button.default\">\n\t\t\t\t\t\t\t\t\t\t<a class=\"elementor-button elementor-button-link elementor-size-sm\" href=\"mailto:christiane.human@suedpfalz-therme.de\" target=\"_blank\">\n\t\t\t\t\t\t<span class=\"elementor-button-content-wrapper\">\n\t\t\t\t\t\t\t\t\t<span class=\"elementor-button-text\">Postuler maintenant<\/span>\n\t\t\t\t\t<\/span>\n\t\t\t\t\t<\/a>\n\t\t\t\t\t\t\t\t<\/div>\n\t\t\t\t<\/div>\n\t\t\t\t<\/div>\n\t\t\t\t\t<\/div>\n\t\t\t\t<\/div>\n\t\t\t\t<\/div>\n\t\t","protected":false},"excerpt":{"rendered":"<p>Rejoignez notre \u00e9quipe et prenez plaisir \u00e0 ce que nos clients se sentent bien chez nous. Offres d&#8217;emploi actuelles Formation d&#8217;employ\u00e9 sp\u00e9cialis\u00e9 en piscines Plus d&rsquo;informations Kin\u00e9sith\u00e9rapeute \/ Masseur\u00b7euse m\u00e9d. Ma\u00eetre\u00b7sse de bain\u00e0 temps plein ou temps partiel Vos missions : R\u00e9alisation de soins issus de notre vaste offre de kin\u00e9sith\u00e9rapie Massages classiques et nombreux&hellip;<\/p>\n","protected":false},"author":1,"featured_media":0,"parent":4471,"menu_order":70,"comment_status":"closed","ping_status":"closed","template":"modus.php","meta":{"inline_featured_image":false,"footnotes":""},"class_list":["post-4835","page","type-page","status-publish","hentry"],"publishpress_future_action":{"enabled":false,"date":"2026-05-04 17:18:12","action":"change-status","newStatus":"draft","terms":[],"taxonomy":"translation_priority","extraData":[]},"publishpress_future_workflow_manual_trigger":{"enabledWorkflows":[]},"_links":{"self":[{"href":"https:\/\/suedpfalz-therme.de\/fr\/wp-json\/wp\/v2\/pages\/4835","targetHints":{"allow":["GET"]}}],"collection":[{"href":"https:\/\/suedpfalz-therme.de\/fr\/wp-json\/wp\/v2\/pages"}],"about":[{"href":"https:\/\/suedpfalz-therme.de\/fr\/wp-json\/wp\/v2\/types\/page"}],"author":[{"embeddable":true,"href":"https:\/\/suedpfalz-therme.de\/fr\/wp-json\/wp\/v2\/users\/1"}],"replies":[{"embeddable":true,"href":"https:\/\/suedpfalz-therme.de\/fr\/wp-json\/wp\/v2\/comments?post=4835"}],"version-history":[{"count":3,"href":"https:\/\/suedpfalz-therme.de\/fr\/wp-json\/wp\/v2\/pages\/4835\/revisions"}],"predecessor-version":[{"id":5267,"href":"https:\/\/suedpfalz-therme.de\/fr\/wp-json\/wp\/v2\/pages\/4835\/revisions\/5267"}],"up":[{"embeddable":true,"href":"https:\/\/suedpfalz-therme.de\/fr\/wp-json\/wp\/v2\/pages\/4471"}],"wp:attachment":[{"href":"https:\/\/suedpfalz-therme.de\/fr\/wp-json\/wp\/v2\/media?parent=4835"}],"curies":[{"name":"wp","href":"https:\/\/api.w.org\/{rel}","templated":true}]}}